{"id":890,"date":"2018-10-25T21:58:47","date_gmt":"2018-10-25T18:58:47","guid":{"rendered":"https:\/\/www.fassaadikeskus.ee\/?page_id=890"},"modified":"2021-05-06T01:03:06","modified_gmt":"2021-05-05T22:03:06","slug":"home","status":"publish","type":"page","link":"https:\/\/www.fassaadikeskus.ee\/en\/","title":{"rendered":"Home"},"content":{"rendered":"[vc_row el_class=&#8221;home-page-slider&#8221;][vc_column][rev_slider_vc alias=&#8221;esileht&#8221;][\/vc_column][\/vc_row][vc_row][vc_column css=&#8221;.vc_custom_1526041946392{padding-top: 60px !important;padding-bottom: 50px !important;}&#8221;][vc_custom_heading text=&#8221;Some of the materials<br \/>\nwe sell&#8221; font_container=&#8221;tag:h3|text_align:center&#8221; use_theme_fonts=&#8221;yes&#8221; el_class=&#8221;section-title&#8221;][\/vc_column][\/vc_row][vc_row][vc_column]<div class=\"recent_posts_container  clearfix\"><div class=\"is_grid clearfix\"><div class=\"blogpost grid_posts columns-4\"><div class=\"flexslider mini posts-grid\"><ul class=\"slides\"><li><div class=\"one-fourth-recent\"><figure><a href=\"https:\/\/www.fassaadikeskus.ee\/en\/silikon-protect-031-nano-silicone-render\/\"><div class=\"text-overlay\"><div class=\"info\"><span class=\"plus_icon\">+<\/span><\/div><\/div><img loading=\"lazy\" decoding=\"async\" width=\"210\" height=\"210\" src=\"https:\/\/www.fassaadikeskus.ee\/wp-content\/uploads\/2019\/07\/IM0011157_md-e1661419658487.jpg\" class=\"attachment-full size-full wp-post-image\" alt=\"\" \/><\/a><\/figure><\/div><\/li><\/ul><\/div><div class=\"description\"><h3><a href=\"https:\/\/www.fassaadikeskus.ee\/en\/silikon-protect-031-nano-silicone-render\/\">SILIKON PROTECT 031 Nano-silicone render<\/a><\/h3><\/div><\/div><div class=\"blogpost grid_posts columns-4\"><div class=\"flexslider mini posts-grid\"><ul class=\"slides\"><li><div class=\"one-fourth-recent\"><figure><a href=\"https:\/\/www.fassaadikeskus.ee\/en\/ejot-h4-eco-215mm\/\"><div class=\"text-overlay\"><div class=\"info\"><span class=\"plus_icon\">+<\/span><\/div><\/div><img loading=\"lazy\" decoding=\"async\" width=\"1093\" height=\"1600\" src=\"https:\/\/www.fassaadikeskus.ee\/wp-content\/uploads\/2018\/05\/Image_EJOT_H4_eco_1.jpg\" class=\"attachment-full size-full wp-post-image\" alt=\"\" srcset=\"https:\/\/www.fassaadikeskus.ee\/wp-content\/uploads\/2018\/05\/Image_EJOT_H4_eco_1.jpg 1093w, https:\/\/www.fassaadikeskus.ee\/wp-content\/uploads\/2018\/05\/Image_EJOT_H4_eco_1-205x300.jpg 205w, https:\/\/www.fassaadikeskus.ee\/wp-content\/uploads\/2018\/05\/Image_EJOT_H4_eco_1-768x1124.jpg 768w, https:\/\/www.fassaadikeskus.ee\/wp-content\/uploads\/2018\/05\/Image_EJOT_H4_eco_1-700x1024.jpg 700w\" sizes=\"auto, (max-width: 1093px) 100vw, 1093px\" \/><\/a><\/figure><\/div><\/li><\/ul><\/div><div class=\"description\"><h3><a href=\"https:\/\/www.fassaadikeskus.ee\/en\/ejot-h4-eco-215mm\/\">EJOT H4 eco 215mm<\/a><\/h3><\/div><\/div><div class=\"blogpost grid_posts columns-4\"><div class=\"flexslider mini posts-grid\"><ul class=\"slides\"><li><div class=\"one-fourth-recent\"><figure><a href=\"https:\/\/www.fassaadikeskus.ee\/en\/tynkolit-t-330-primer-for-mineral-acrylic-and-mosaic-plasters\/\"><div class=\"text-overlay\"><div class=\"info\"><span class=\"plus_icon\">+<\/span><\/div><\/div><img loading=\"lazy\" decoding=\"async\" width=\"410\" height=\"436\" src=\"https:\/\/www.fassaadikeskus.ee\/wp-content\/uploads\/2018\/11\/IM0011116_lg.jpg\" class=\"attachment-full size-full wp-post-image\" alt=\"\" srcset=\"https:\/\/www.fassaadikeskus.ee\/wp-content\/uploads\/2018\/11\/IM0011116_lg.jpg 410w, https:\/\/www.fassaadikeskus.ee\/wp-content\/uploads\/2018\/11\/IM0011116_lg-282x300.jpg 282w\" sizes=\"auto, (max-width: 410px) 100vw, 410px\" \/><\/a><\/figure><\/div><\/li><\/ul><\/div><div class=\"description\"><h3><a href=\"https:\/\/www.fassaadikeskus.ee\/en\/tynkolit-t-330-primer-for-mineral-acrylic-and-mosaic-plasters\/\">TYNKOLIT-T 330 Primer for mineral, acrylic and mosaic plasters<\/a><\/h3><\/div><\/div><div class=\"blogpost grid_posts columns-4\"><div class=\"flexslider mini posts-grid\"><ul class=\"slides\"><li><div class=\"one-fourth-recent\"><figure><a href=\"https:\/\/www.fassaadikeskus.ee\/en\/styrlep-220-adhesive-reinforcing-mortar-for-styrofoam\/\"><div class=\"text-overlay\"><div class=\"info\"><span class=\"plus_icon\">+<\/span><\/div><\/div><img loading=\"lazy\" decoding=\"async\" width=\"273\" height=\"495\" src=\"https:\/\/www.fassaadikeskus.ee\/wp-content\/uploads\/2018\/11\/IM0010120_lg.jpg\" class=\"attachment-full size-full wp-post-image\" alt=\"\" srcset=\"https:\/\/www.fassaadikeskus.ee\/wp-content\/uploads\/2018\/11\/IM0010120_lg.jpg 273w, https:\/\/www.fassaadikeskus.ee\/wp-content\/uploads\/2018\/11\/IM0010120_lg-165x300.jpg 165w\" sizes=\"auto, (max-width: 273px) 100vw, 273px\" \/><\/a><\/figure><\/div><\/li><\/ul><\/div><div class=\"description\"><h3><a href=\"https:\/\/www.fassaadikeskus.ee\/en\/styrlep-220-adhesive-reinforcing-mortar-for-styrofoam\/\">STYRLEP 220 Adhesive-reinforcing mortar for Styrofoam<\/a><\/h3><\/div><\/div><\/div><\/div>[\/vc_column][\/vc_row][vc_row css=&#8221;.vc_custom_1526042151367{padding-top: 15px !important;padding-bottom: 65px !important;}&#8221;][vc_column][vc_column_text el_class=&#8221;view-more-products&#8221;]<a href=\"https:\/\/www.fassaadikeskus.ee\/materjalid\/\">See more products<\/a>[\/vc_column_text][\/vc_column][\/vc_row][vc_row el_class=&#8221;section-border-top&#8221;][vc_column css=&#8221;.vc_custom_1525863411171{padding-top: 60px !important;padding-bottom: 60px !important;}&#8221;][vc_custom_heading text=&#8221;Fassaadikeskus will help you<br \/>\non all issues!&#8221; font_container=&#8221;tag:h3|text_align:center&#8221; use_theme_fonts=&#8221;yes&#8221; el_class=&#8221;section-title&#8221;][\/vc_column][\/vc_row][vc_row eq_height=&#8221;yes&#8221;][vc_column width=&#8221;1\/4&#8243; css=&#8221;.vc_custom_1525869024115{margin-bottom: 55px !important;}&#8221;][vc_single_image image=&#8221;84&#8243; alignment=&#8221;center&#8221; el_class=&#8221;section-column-icon&#8221;][vc_custom_heading text=&#8221;Builders&#8221; font_container=&#8221;tag:h3|text_align:center&#8221; use_theme_fonts=&#8221;yes&#8221; el_class=&#8221;section-column-title&#8221;][vc_column_text el_class=&#8221;section-column-description&#8221;]Fassaadikeskus will help you find the right builder. See <a href=\"https:\/\/www.fassaadikeskus.ee\/en\/partners\/builders\/\">here<\/a>\u00a0who do we cooperate with[\/vc_column_text][\/vc_column][vc_column width=&#8221;1\/4&#8243; css=&#8221;.vc_custom_1525869028498{margin-bottom: 55px !important;}&#8221;][vc_single_image image=&#8221;81&#8243; alignment=&#8221;center&#8221; el_class=&#8221;section-column-icon&#8221;][vc_custom_heading text=&#8221;Construction supervision&#8221; font_container=&#8221;tag:h3|text_align:center&#8221; use_theme_fonts=&#8221;yes&#8221; el_class=&#8221;section-column-title&#8221;][vc_column_text el_class=&#8221;section-column-description&#8221;]We will help you with construction supervision.<br \/>\nSee more from\u00a0<a href=\"https:\/\/www.fassaadikeskus.ee\/en\/partners\/construction-supervision\/\">here<\/a>[\/vc_column_text][\/vc_column][vc_column width=&#8221;1\/4&#8243; css=&#8221;.vc_custom_1525869034682{margin-bottom: 55px !important;}&#8221;][vc_single_image image=&#8221;83&#8243; alignment=&#8221;center&#8221; el_class=&#8221;section-column-icon&#8221;][vc_custom_heading text=&#8221;Resellers&#8221; font_container=&#8221;tag:h3|text_align:center&#8221; use_theme_fonts=&#8221;yes&#8221; el_class=&#8221;section-column-title&#8221;][vc_column_text el_class=&#8221;section-column-description&#8221;]See the list of our partners who resell our products from\u00a0<a href=\"https:\/\/www.fassaadikeskus.ee\/en\/partners\/resellers\/\">here<\/a>[\/vc_column_text][\/vc_column][vc_column width=&#8221;1\/4&#8243; css=&#8221;.vc_custom_1525869038668{margin-bottom: 55px !important;}&#8221;][vc_single_image image=&#8221;82&#8243; alignment=&#8221;center&#8221; el_class=&#8221;section-column-icon&#8221;][vc_custom_heading text=&#8221;Energy performance certificate&#8221; font_container=&#8221;tag:h3|text_align:center&#8221; use_theme_fonts=&#8221;yes&#8221; el_class=&#8221;section-column-title&#8221;][vc_column_text el_class=&#8221;section-column-description&#8221;]<a href=\"https:\/\/www.fassaadikeskus.ee\/en\/energy-performance-certificate\/\">Read more<\/a> about the energy performance certificate and how to achieve the best results.[\/vc_column_text][\/vc_column][\/vc_row][vc_row content_placement=&#8221;middle&#8221; disable_element=&#8221;yes&#8221; el_class=&#8221;section-logo-wrap&#8221; css=&#8221;.vc_custom_1528794359797{margin-top: 50px !important;}&#8221;][vc_column width=&#8221;1\/6&#8243;][vc_single_image image=&#8221;92&#8243; img_size=&#8221;full&#8221; alignment=&#8221;center&#8221; el_class=&#8221;section-logo&#8221;][\/vc_column][vc_column width=&#8221;1\/6&#8243;][vc_single_image image=&#8221;92&#8243; img_size=&#8221;full&#8221; alignment=&#8221;center&#8221; el_class=&#8221;section-logo&#8221;][\/vc_column][vc_column width=&#8221;1\/6&#8243;][vc_single_image image=&#8221;92&#8243; img_size=&#8221;full&#8221; alignment=&#8221;center&#8221; el_class=&#8221;section-logo&#8221;][\/vc_column][vc_column width=&#8221;1\/6&#8243;][vc_single_image image=&#8221;92&#8243; img_size=&#8221;full&#8221; alignment=&#8221;center&#8221; el_class=&#8221;section-logo&#8221;][\/vc_column][vc_column width=&#8221;1\/6&#8243;][vc_single_image image=&#8221;92&#8243; img_size=&#8221;full&#8221; alignment=&#8221;center&#8221; el_class=&#8221;section-logo&#8221;][\/vc_column][vc_column width=&#8221;1\/6&#8243;][vc_single_image image=&#8221;92&#8243; img_size=&#8221;full&#8221; alignment=&#8221;center&#8221; el_class=&#8221;section-logo&#8221;][\/vc_column][\/vc_row]\n","protected":false},"excerpt":{"rendered":"<p>[vc_row el_class=&#8221;home-page-slider&#8221;][vc_column][rev_slider_vc alias=&#8221;esileht&#8221;][\/vc_column][\/vc_row][vc_row][vc_column css=&#8221;.vc_custom_1526041946392{padding-top: 60px !important;padding-bottom: 50px !important;}&#8221;][vc_custom_heading text=&#8221;Some of the materials we sell&#8221; font_container=&#8221;tag:h3|text_align:center&#8221; use_theme_fonts=&#8221;yes&#8221; el_class=&#8221;section-title&#8221;][\/vc_column][\/vc_row][vc_row][vc_column][\/vc_column][\/vc_row][vc_row css=&#8221;.vc_custom_1526042151367{padding-top: 15px !important;padding-bottom: 65px !important;}&#8221;][vc_column][vc_column_text el_class=&#8221;view-more-products&#8221;]See more products[\/vc_column_text][\/vc_column][\/vc_row][vc_row el_class=&#8221;section-border-top&#8221;][vc_column css=&#8221;.vc_custom_1525863411171{padding-top: 60px !important;padding-bottom: 60px !important;}&#8221;][vc_custom_heading text=&#8221;Fassaadikeskus will help you on all issues!&#8221; font_container=&#8221;tag:h3|text_align:center&#8221; use_theme_fonts=&#8221;yes&#8221; el_class=&#8221;section-title&#8221;][\/vc_column][\/vc_row][vc_row eq_height=&#8221;yes&#8221;][vc_column width=&#8221;1\/4&#8243; css=&#8221;.vc_custom_1525869024115{margin-bottom: 55px !important;}&#8221;][vc_single_image image=&#8221;84&#8243; alignment=&#8221;center&#8221; el_class=&#8221;section-column-icon&#8221;][vc_custom_heading text=&#8221;Builders&#8221; font_container=&#8221;tag:h3|text_align:center&#8221; use_theme_fonts=&#8221;yes&#8221; el_class=&#8221;section-column-title&#8221;][vc_column_text el_class=&#8221;section-column-description&#8221;]Fassaadikeskus will&#8230;<\/p>\n","protected":false},"author":1,"featured_media":0,"parent":0,"menu_order":0,"comment_status":"closed","ping_status":"closed","template":"page-full.php","meta":{"_acf_changed":false,"_monsterinsights_skip_tracking":false,"_monsterinsights_sitenote_active":false,"_monsterinsights_sitenote_note":"","_monsterinsights_sitenote_category":0,"footnotes":""},"class_list":["post-890","page","type-page","status-publish","hentry"],"acf":[],"yoast_head":"<!-- This site is optimized with the Yoast SEO plugin v24.3 - https:\/\/yoast.com\/wordpress\/plugins\/seo\/ -->\n<title>Home | Fassaadikeskus - t\u00e4iuslikud fassaadilahendused otsast-l\u00f5puni!<\/title>\n<meta name=\"description\" content=\"Fassaadikeskus aitab teid maja v\u00f5i korteri fassaadi tegemisel! Pakume professionaalset t\u00e4isteenust otsast-l\u00f5puni! Loe lisa ning v\u00f5ta \u00fchendust meie kodulehelt vajutades siia!\" \/>\n<meta name=\"robots\" content=\"index, follow, max-snippet:-1, max-image-preview:large, max-video-preview:-1\" \/>\n<link rel=\"canonical\" href=\"https:\/\/www.fassaadikeskus.ee\/en\/\" \/>\n<meta property=\"og:locale\" content=\"en_US\" \/>\n<meta property=\"og:type\" content=\"article\" \/>\n<meta property=\"og:title\" content=\"Home | Fassaadikeskus - t\u00e4iuslikud fassaadilahendused otsast-l\u00f5puni!\" \/>\n<meta property=\"og:description\" content=\"Fassaadikeskus aitab teid maja v\u00f5i korteri fassaadi tegemisel! Pakume professionaalset t\u00e4isteenust otsast-l\u00f5puni! Loe lisa ning v\u00f5ta \u00fchendust meie kodulehelt vajutades siia!\" \/>\n<meta property=\"og:url\" content=\"https:\/\/www.fassaadikeskus.ee\/en\/\" \/>\n<meta property=\"og:site_name\" content=\"Fassaadikeskus - t\u00e4iuslikud fassaadilahendused otsast-l\u00f5puni!\" \/>\n<meta property=\"article:modified_time\" content=\"2021-05-05T22:03:06+00:00\" \/>\n<meta name=\"twitter:card\" content=\"summary_large_image\" \/>\n<meta name=\"twitter:label1\" content=\"Est. reading time\" \/>\n\t<meta name=\"twitter:data1\" content=\"1 minute\" \/>\n<script type=\"application\/ld+json\" class=\"yoast-schema-graph\">{\"@context\":\"https:\/\/schema.org\",\"@graph\":[{\"@type\":\"WebPage\",\"@id\":\"https:\/\/www.fassaadikeskus.ee\/en\/\",\"url\":\"https:\/\/www.fassaadikeskus.ee\/en\/\",\"name\":\"Home | Fassaadikeskus - t\u00e4iuslikud fassaadilahendused otsast-l\u00f5puni!\",\"isPartOf\":{\"@id\":\"https:\/\/www.fassaadikeskus.ee\/#website\"},\"datePublished\":\"2018-10-25T18:58:47+00:00\",\"dateModified\":\"2021-05-05T22:03:06+00:00\",\"description\":\"Fassaadikeskus aitab teid maja v\u00f5i korteri fassaadi tegemisel! Pakume professionaalset t\u00e4isteenust otsast-l\u00f5puni! Loe lisa ning v\u00f5ta \u00fchendust meie kodulehelt vajutades siia!\",\"breadcrumb\":{\"@id\":\"https:\/\/www.fassaadikeskus.ee\/en\/#breadcrumb\"},\"inLanguage\":\"en-US\",\"potentialAction\":[{\"@type\":\"ReadAction\",\"target\":[\"https:\/\/www.fassaadikeskus.ee\/en\/\"]}]},{\"@type\":\"BreadcrumbList\",\"@id\":\"https:\/\/www.fassaadikeskus.ee\/en\/#breadcrumb\",\"itemListElement\":[{\"@type\":\"ListItem\",\"position\":1,\"name\":\"Home\",\"item\":\"https:\/\/www.fassaadikeskus.ee\/en\/\"},{\"@type\":\"ListItem\",\"position\":2,\"name\":\"Home\"}]},{\"@type\":\"WebSite\",\"@id\":\"https:\/\/www.fassaadikeskus.ee\/#website\",\"url\":\"https:\/\/www.fassaadikeskus.ee\/\",\"name\":\"Fassaadikeskus - t\u00e4iuslikud fassaadilahendused otsast-l\u00f5puni!\",\"description\":\"Fassaadikeskus\",\"potentialAction\":[{\"@type\":\"SearchAction\",\"target\":{\"@type\":\"EntryPoint\",\"urlTemplate\":\"https:\/\/www.fassaadikeskus.ee\/?s={search_term_string}\"},\"query-input\":{\"@type\":\"PropertyValueSpecification\",\"valueRequired\":true,\"valueName\":\"search_term_string\"}}],\"inLanguage\":\"en-US\"}]}<\/script>\n<!-- \/ Yoast SEO plugin. -->","yoast_head_json":{"title":"Home | Fassaadikeskus - t\u00e4iuslikud fassaadilahendused otsast-l\u00f5puni!","description":"Fassaadikeskus aitab teid maja v\u00f5i korteri fassaadi tegemisel! Pakume professionaalset t\u00e4isteenust otsast-l\u00f5puni! Loe lisa ning v\u00f5ta \u00fchendust meie kodulehelt vajutades siia!","robots":{"index":"index","follow":"follow","max-snippet":"max-snippet:-1","max-image-preview":"max-image-preview:large","max-video-preview":"max-video-preview:-1"},"canonical":"https:\/\/www.fassaadikeskus.ee\/en\/","og_locale":"en_US","og_type":"article","og_title":"Home | Fassaadikeskus - t\u00e4iuslikud fassaadilahendused otsast-l\u00f5puni!","og_description":"Fassaadikeskus aitab teid maja v\u00f5i korteri fassaadi tegemisel! Pakume professionaalset t\u00e4isteenust otsast-l\u00f5puni! Loe lisa ning v\u00f5ta \u00fchendust meie kodulehelt vajutades siia!","og_url":"https:\/\/www.fassaadikeskus.ee\/en\/","og_site_name":"Fassaadikeskus - t\u00e4iuslikud fassaadilahendused otsast-l\u00f5puni!","article_modified_time":"2021-05-05T22:03:06+00:00","twitter_card":"summary_large_image","twitter_misc":{"Est. reading time":"1 minute"},"schema":{"@context":"https:\/\/schema.org","@graph":[{"@type":"WebPage","@id":"https:\/\/www.fassaadikeskus.ee\/en\/","url":"https:\/\/www.fassaadikeskus.ee\/en\/","name":"Home | Fassaadikeskus - t\u00e4iuslikud fassaadilahendused otsast-l\u00f5puni!","isPartOf":{"@id":"https:\/\/www.fassaadikeskus.ee\/#website"},"datePublished":"2018-10-25T18:58:47+00:00","dateModified":"2021-05-05T22:03:06+00:00","description":"Fassaadikeskus aitab teid maja v\u00f5i korteri fassaadi tegemisel! Pakume professionaalset t\u00e4isteenust otsast-l\u00f5puni! Loe lisa ning v\u00f5ta \u00fchendust meie kodulehelt vajutades siia!","breadcrumb":{"@id":"https:\/\/www.fassaadikeskus.ee\/en\/#breadcrumb"},"inLanguage":"en-US","potentialAction":[{"@type":"ReadAction","target":["https:\/\/www.fassaadikeskus.ee\/en\/"]}]},{"@type":"BreadcrumbList","@id":"https:\/\/www.fassaadikeskus.ee\/en\/#breadcrumb","itemListElement":[{"@type":"ListItem","position":1,"name":"Home","item":"https:\/\/www.fassaadikeskus.ee\/en\/"},{"@type":"ListItem","position":2,"name":"Home"}]},{"@type":"WebSite","@id":"https:\/\/www.fassaadikeskus.ee\/#website","url":"https:\/\/www.fassaadikeskus.ee\/","name":"Fassaadikeskus - t\u00e4iuslikud fassaadilahendused otsast-l\u00f5puni!","description":"Fassaadikeskus","potentialAction":[{"@type":"SearchAction","target":{"@type":"EntryPoint","urlTemplate":"https:\/\/www.fassaadikeskus.ee\/?s={search_term_string}"},"query-input":{"@type":"PropertyValueSpecification","valueRequired":true,"valueName":"search_term_string"}}],"inLanguage":"en-US"}]}},"_links":{"self":[{"href":"https:\/\/www.fassaadikeskus.ee\/en\/wp-json\/wp\/v2\/pages\/890","targetHints":{"allow":["GET"]}}],"collection":[{"href":"https:\/\/www.fassaadikeskus.ee\/en\/wp-json\/wp\/v2\/pages"}],"about":[{"href":"https:\/\/www.fassaadikeskus.ee\/en\/wp-json\/wp\/v2\/types\/page"}],"author":[{"embeddable":true,"href":"https:\/\/www.fassaadikeskus.ee\/en\/wp-json\/wp\/v2\/users\/1"}],"replies":[{"embeddable":true,"href":"https:\/\/www.fassaadikeskus.ee\/en\/wp-json\/wp\/v2\/comments?post=890"}],"version-history":[{"count":4,"href":"https:\/\/www.fassaadikeskus.ee\/en\/wp-json\/wp\/v2\/pages\/890\/revisions"}],"predecessor-version":[{"id":2294,"href":"https:\/\/www.fassaadikeskus.ee\/en\/wp-json\/wp\/v2\/pages\/890\/revisions\/2294"}],"wp:attachment":[{"href":"https:\/\/www.fassaadikeskus.ee\/en\/wp-json\/wp\/v2\/media?parent=890"}],"curies":[{"name":"wp","href":"https:\/\/api.w.org\/{rel}","templated":true}]}}