{"id":934,"date":"2018-10-25T22:26:55","date_gmt":"2018-10-25T19:26:55","guid":{"rendered":"https:\/\/www.fassaadikeskus.ee\/?page_id=934"},"modified":"2018-10-25T22:26:55","modified_gmt":"2018-10-25T19:26:55","slug":"kreisel","status":"publish","type":"page","link":"https:\/\/www.fassaadikeskus.ee\/fi\/valmistajat\/kreisel\/","title":{"rendered":"Kreisel"},"content":{"rendered":"[vc_row][vc_column][vc_column_text]Kreisel l\u00e4mp\u00f6eristysteknologia on uusissa rakennuksissa ja vanhoissa uusittavissa taloissa, my\u00f6s kaikenlaisten ulkoseinien l\u00e4mp\u00f6erist\u00e4misess\u00e4 k\u00e4ytett\u00e4v\u00e4 nykyaikainen kokonaisvaltainen teknologia. Sen mukaisesti l\u00e4mp\u00f6eristyskerros (vaahtopolystyreeni tai mineraalivillalevyt) kiinnitet\u00e4\u00e4n seiniin KREISEL erikoisliimalla (Vollwarmeschutz), EJOT kiinnitystulpilla ja -profiileilla sek\u00e4 KREISEL erikoisliimalle asennettavalla rappausverkolla. Pinnat pohjustetaan KREISEL mineraalisella tai synteettisell\u00e4 rappauslaastilla.<\/p>\n<p>KREISEL l\u00e4mp\u00f6eristysteknologian edut ja taloudelliset hy\u00f6dyt ovat seuraavia:<\/p>\n<ul>\n<li>kun uutta rakennusta suunnitellaan ja valitaan t\u00e4m\u00e4 l\u00e4mp\u00f6eristysteknologia ja laaditaan rakennusbudjetti, rakennuskustannukset pienenev\u00e4t;<\/li>\n<li>rakennettavien seinien ja perustan paksuutta voidaan v\u00e4hent\u00e4\u00e4 minimiin;<\/li>\n<li>ei tarvita rakennuksissa k\u00e4ytett\u00e4v\u00e4\u00e4 rappauslaastia;<\/li>\n<li>seinien paksuuden v\u00e4hent\u00e4misen ansiosta rakennuksen huoneala kasvaa;<\/li>\n<li>rakennuksen l\u00e4mmitykseen voidaan k\u00e4ytt\u00e4\u00e4 v\u00e4hemm\u00e4n tehokkaita l\u00e4mmityslaitteita;<\/li>\n<li>s\u00e4\u00e4stet\u00e4\u00e4n energiaa;<\/li>\n<li>toivottavasta l\u00e4mp\u00f6eristystasosta riippuen voidaan soveltaa l\u00e4mp\u00f6eristyskerros erilaisten rakennuskohteiden tarpeisiin. Energians\u00e4\u00e4st\u00f6n lis\u00e4ksi paranevat oleellisesti my\u00f6s rakennuksen laatuomaisuudet;<\/li>\n<li>asuintalossa vallitsee terveellinen ja pysyv\u00e4 sis\u00e4ilmasto: kes\u00e4ll\u00e4 viile\u00e4, talvella tasaisen l\u00e4mmin;<\/li>\n<li>ulkoseinien l\u00e4mp\u00f6eristys v\u00e4hent\u00e4\u00e4 l\u00e4mp\u00f6tilamuutoksia, mink\u00e4 ansiosta pienenev\u00e4t seinien j\u00e4nnitteet ja v\u00e4henee halkeamien syntymisen vaara.<\/li>\n<\/ul>\n<p>&nbsp;<\/p>\n<h2>Ohutrappausj\u00e4rjestelm\u00e4<\/h2>\n<p><img loading=\"lazy\" decoding=\"async\" class=\"alignright size-full wp-image-584\" src=\"https:\/\/www.fassaadikeskus.ee\/wp-content\/uploads\/2018\/05\/kreisel-ssteem.jpg\" alt=\"\" width=\"299\" height=\"291\" \/>Ohutrappausj\u00e4rjestelm\u00e4t koostuvat pintoihin liimatusta vaahtopolystyreenist\u00e4 tai mineraalivillasta, jonka p\u00e4\u00e4lle tehd\u00e4\u00e4n vahvistuskerros. Vahvistuskerros koostuu mineraalisesta tasoitteesta ja siihen asennetusta lasikuituverkosta. Vahvistuskerros p\u00e4\u00e4llystet\u00e4\u00e4n kvartsihiekkaa sis\u00e4lt\u00e4v\u00e4ll\u00e4 pohjusteella. Viimeistelykerroksena voidaan k\u00e4ytt\u00e4\u00e4 eri raekokoisia rappauslaasteja (mineraalilaasti, polymeerilaasti, silikaattilaasti, mosaiikki- eli kirjava laasti). J\u00e4rjestelm\u00e4\u00e4n kuuluvat erilaiset apumateriaalit kuten sokkelilista johon tuetaan vaahtopolystyreenilevyt ja saadaan vahvistettu alareuna. Lis\u00e4ksi k\u00e4ytet\u00e4\u00e4n erilaisia ikkuna- ja kulmaprofiileja, polyuretaanitiivisteit\u00e4 ym. J\u00e4rjestelm\u00e4n alustoiksi sopivat puhtaat ja rapatut betonipinnat, tiilimuuraukset, kaasubetoni (Aeroc, Siporex) sek\u00e4 Fibo-harkot. My\u00f6s mineraalilevyt (Magrock). Alustan tasaisuuden toleranssi ei saa olla yli 2 cm.<\/p>\n<p>Paremman sis\u00e4ilmaston saavuttamiseksi suosittelemme k\u00e4ytt\u00e4\u00e4 vaahtopolystyreenin sijasta mineraalivillalevyj\u00e4, koska mineraalivilla hengitt\u00e4\u00e4 paremmin. Etteh\u00e4n halua asua kasvihuoneessa, jossa ilma ei liiku ja ilmanvaihto ei ole riitt\u00e4v\u00e4? Mik\u00e4li kuitenkin p\u00e4\u00e4t\u00e4tte k\u00e4ytt\u00e4\u00e4 l\u00e4mp\u00f6erist\u00e4miseen vaahtopolystyreeni\u00e4, on varmistettava, ett\u00e4 olemassa oleva ilmanvaihtoj\u00e4rjestelm\u00e4 on riitt\u00e4v\u00e4, ja tarvittaessa asennettava ilmanvaihtol\u00e4p\u00e4t. Jos ilmanvaihto ei ole kunnolla j\u00e4rjestetty, ker\u00e4\u00e4ntyy huoneisiin kosteutta ja saattaa synty\u00e4 hometta, mik\u00e4 ei ole tietysti terveellist\u00e4. Eri sieni- ja homelajit vaikuttavat sek\u00e4 asukkaiden terveyteen ett\u00e4 koko talon rakennelmiin.[\/vc_column_text][\/vc_column][\/vc_row]\n","protected":false},"excerpt":{"rendered":"<p>[vc_row][vc_column][vc_column_text]Kreisel l\u00e4mp\u00f6eristysteknologia on uusissa rakennuksissa ja vanhoissa uusittavissa taloissa, my\u00f6s kaikenlaisten ulkoseinien l\u00e4mp\u00f6erist\u00e4misess\u00e4 k\u00e4ytett\u00e4v\u00e4 nykyaikainen kokonaisvaltainen teknologia. Sen mukaisesti l\u00e4mp\u00f6eristyskerros (vaahtopolystyreeni tai mineraalivillalevyt) kiinnitet\u00e4\u00e4n seiniin KREISEL erikoisliimalla (Vollwarmeschutz), EJOT kiinnitystulpilla ja -profiileilla sek\u00e4 KREISEL erikoisliimalle asennettavalla rappausverkolla. Pinnat pohjustetaan KREISEL mineraalisella tai synteettisell\u00e4 rappauslaastilla. KREISEL l\u00e4mp\u00f6eristysteknologian edut ja taloudelliset hy\u00f6dyt ovat seuraavia: kun uutta rakennusta&#8230;<\/p>\n","protected":false},"author":1,"featured_media":0,"parent":920,"menu_order":0,"comment_status":"closed","ping_status":"closed","template":"page-sub-full.php","meta":{"_acf_changed":false,"_monsterinsights_skip_tracking":false,"_monsterinsights_sitenote_active":false,"_monsterinsights_sitenote_note":"","_monsterinsights_sitenote_category":0,"footnotes":""},"class_list":["post-934","page","type-page","status-publish","hentry"],"acf":[],"yoast_head":"<!-- This site is optimized with the Yoast SEO plugin v24.3 - https:\/\/yoast.com\/wordpress\/plugins\/seo\/ -->\n<title>Kreisel | Fassaadikeskus - t\u00e4iuslikud fassaadilahendused otsast-l\u00f5puni!<\/title>\n<meta name=\"description\" content=\"Fassaadikeskus aitab teid maja v\u00f5i korteri fassaadi tegemisel! Pakume professionaalset t\u00e4isteenust otsast-l\u00f5puni! Loe lisa ning v\u00f5ta \u00fchendust meie kodulehelt vajutades siia!\" \/>\n<meta name=\"robots\" content=\"index, follow, max-snippet:-1, max-image-preview:large, max-video-preview:-1\" \/>\n<link rel=\"canonical\" href=\"https:\/\/www.fassaadikeskus.ee\/fi\/valmistajat\/kreisel\/\" \/>\n<meta property=\"og:locale\" content=\"fi_FI\" \/>\n<meta property=\"og:type\" content=\"article\" \/>\n<meta property=\"og:title\" content=\"Kreisel | Fassaadikeskus - t\u00e4iuslikud fassaadilahendused otsast-l\u00f5puni!\" \/>\n<meta property=\"og:description\" content=\"Fassaadikeskus aitab teid maja v\u00f5i korteri fassaadi tegemisel! Pakume professionaalset t\u00e4isteenust otsast-l\u00f5puni! Loe lisa ning v\u00f5ta \u00fchendust meie kodulehelt vajutades siia!\" \/>\n<meta property=\"og:url\" content=\"https:\/\/www.fassaadikeskus.ee\/fi\/valmistajat\/kreisel\/\" \/>\n<meta property=\"og:site_name\" content=\"Fassaadikeskus - t\u00e4iuslikud fassaadilahendused otsast-l\u00f5puni!\" \/>\n<meta property=\"og:image\" content=\"https:\/\/www.fassaadikeskus.ee\/wp-content\/uploads\/2018\/05\/kreisel-ssteem.jpg\" \/>\n\t<meta property=\"og:image:width\" content=\"299\" \/>\n\t<meta property=\"og:image:height\" content=\"291\" \/>\n\t<meta property=\"og:image:type\" content=\"image\/jpeg\" \/>\n<meta name=\"twitter:card\" content=\"summary_large_image\" \/>\n<meta name=\"twitter:label1\" content=\"Arvioitu lukuaika\" \/>\n\t<meta name=\"twitter:data1\" content=\"2 minuuttia\" \/>\n<script type=\"application\/ld+json\" class=\"yoast-schema-graph\">{\"@context\":\"https:\/\/schema.org\",\"@graph\":[{\"@type\":\"WebPage\",\"@id\":\"https:\/\/www.fassaadikeskus.ee\/fi\/valmistajat\/kreisel\/\",\"url\":\"https:\/\/www.fassaadikeskus.ee\/fi\/valmistajat\/kreisel\/\",\"name\":\"Kreisel | Fassaadikeskus - t\u00e4iuslikud fassaadilahendused otsast-l\u00f5puni!\",\"isPartOf\":{\"@id\":\"https:\/\/www.fassaadikeskus.ee\/#website\"},\"primaryImageOfPage\":{\"@id\":\"https:\/\/www.fassaadikeskus.ee\/fi\/valmistajat\/kreisel\/#primaryimage\"},\"image\":{\"@id\":\"https:\/\/www.fassaadikeskus.ee\/fi\/valmistajat\/kreisel\/#primaryimage\"},\"thumbnailUrl\":\"https:\/\/www.fassaadikeskus.ee\/wp-content\/uploads\/2018\/05\/kreisel-ssteem.jpg\",\"datePublished\":\"2018-10-25T19:26:55+00:00\",\"dateModified\":\"2018-10-25T19:26:55+00:00\",\"description\":\"Fassaadikeskus aitab teid maja v\u00f5i korteri fassaadi tegemisel! Pakume professionaalset t\u00e4isteenust otsast-l\u00f5puni! Loe lisa ning v\u00f5ta \u00fchendust meie kodulehelt vajutades siia!\",\"breadcrumb\":{\"@id\":\"https:\/\/www.fassaadikeskus.ee\/fi\/valmistajat\/kreisel\/#breadcrumb\"},\"inLanguage\":\"fi\",\"potentialAction\":[{\"@type\":\"ReadAction\",\"target\":[\"https:\/\/www.fassaadikeskus.ee\/fi\/valmistajat\/kreisel\/\"]}]},{\"@type\":\"ImageObject\",\"inLanguage\":\"fi\",\"@id\":\"https:\/\/www.fassaadikeskus.ee\/fi\/valmistajat\/kreisel\/#primaryimage\",\"url\":\"https:\/\/www.fassaadikeskus.ee\/wp-content\/uploads\/2018\/05\/kreisel-ssteem.jpg\",\"contentUrl\":\"https:\/\/www.fassaadikeskus.ee\/wp-content\/uploads\/2018\/05\/kreisel-ssteem.jpg\"},{\"@type\":\"BreadcrumbList\",\"@id\":\"https:\/\/www.fassaadikeskus.ee\/fi\/valmistajat\/kreisel\/#breadcrumb\",\"itemListElement\":[{\"@type\":\"ListItem\",\"position\":1,\"name\":\"Home\",\"item\":\"https:\/\/www.fassaadikeskus.ee\/fi\/\"},{\"@type\":\"ListItem\",\"position\":2,\"name\":\"Valmistajat\",\"item\":\"https:\/\/www.fassaadikeskus.ee\/fi\/valmistajat\/\"},{\"@type\":\"ListItem\",\"position\":3,\"name\":\"Kreisel\"}]},{\"@type\":\"WebSite\",\"@id\":\"https:\/\/www.fassaadikeskus.ee\/#website\",\"url\":\"https:\/\/www.fassaadikeskus.ee\/\",\"name\":\"Fassaadikeskus - t\u00e4iuslikud fassaadilahendused otsast-l\u00f5puni!\",\"description\":\"Fassaadikeskus\",\"potentialAction\":[{\"@type\":\"SearchAction\",\"target\":{\"@type\":\"EntryPoint\",\"urlTemplate\":\"https:\/\/www.fassaadikeskus.ee\/?s={search_term_string}\"},\"query-input\":{\"@type\":\"PropertyValueSpecification\",\"valueRequired\":true,\"valueName\":\"search_term_string\"}}],\"inLanguage\":\"fi\"}]}<\/script>\n<!-- \/ Yoast SEO plugin. -->","yoast_head_json":{"title":"Kreisel | Fassaadikeskus - t\u00e4iuslikud fassaadilahendused otsast-l\u00f5puni!","description":"Fassaadikeskus aitab teid maja v\u00f5i korteri fassaadi tegemisel! Pakume professionaalset t\u00e4isteenust otsast-l\u00f5puni! Loe lisa ning v\u00f5ta \u00fchendust meie kodulehelt vajutades siia!","robots":{"index":"index","follow":"follow","max-snippet":"max-snippet:-1","max-image-preview":"max-image-preview:large","max-video-preview":"max-video-preview:-1"},"canonical":"https:\/\/www.fassaadikeskus.ee\/fi\/valmistajat\/kreisel\/","og_locale":"fi_FI","og_type":"article","og_title":"Kreisel | Fassaadikeskus - t\u00e4iuslikud fassaadilahendused otsast-l\u00f5puni!","og_description":"Fassaadikeskus aitab teid maja v\u00f5i korteri fassaadi tegemisel! Pakume professionaalset t\u00e4isteenust otsast-l\u00f5puni! Loe lisa ning v\u00f5ta \u00fchendust meie kodulehelt vajutades siia!","og_url":"https:\/\/www.fassaadikeskus.ee\/fi\/valmistajat\/kreisel\/","og_site_name":"Fassaadikeskus - t\u00e4iuslikud fassaadilahendused otsast-l\u00f5puni!","og_image":[{"width":299,"height":291,"url":"https:\/\/www.fassaadikeskus.ee\/wp-content\/uploads\/2018\/05\/kreisel-ssteem.jpg","type":"image\/jpeg"}],"twitter_card":"summary_large_image","twitter_misc":{"Arvioitu lukuaika":"2 minuuttia"},"schema":{"@context":"https:\/\/schema.org","@graph":[{"@type":"WebPage","@id":"https:\/\/www.fassaadikeskus.ee\/fi\/valmistajat\/kreisel\/","url":"https:\/\/www.fassaadikeskus.ee\/fi\/valmistajat\/kreisel\/","name":"Kreisel | Fassaadikeskus - t\u00e4iuslikud fassaadilahendused otsast-l\u00f5puni!","isPartOf":{"@id":"https:\/\/www.fassaadikeskus.ee\/#website"},"primaryImageOfPage":{"@id":"https:\/\/www.fassaadikeskus.ee\/fi\/valmistajat\/kreisel\/#primaryimage"},"image":{"@id":"https:\/\/www.fassaadikeskus.ee\/fi\/valmistajat\/kreisel\/#primaryimage"},"thumbnailUrl":"https:\/\/www.fassaadikeskus.ee\/wp-content\/uploads\/2018\/05\/kreisel-ssteem.jpg","datePublished":"2018-10-25T19:26:55+00:00","dateModified":"2018-10-25T19:26:55+00:00","description":"Fassaadikeskus aitab teid maja v\u00f5i korteri fassaadi tegemisel! Pakume professionaalset t\u00e4isteenust otsast-l\u00f5puni! Loe lisa ning v\u00f5ta \u00fchendust meie kodulehelt vajutades siia!","breadcrumb":{"@id":"https:\/\/www.fassaadikeskus.ee\/fi\/valmistajat\/kreisel\/#breadcrumb"},"inLanguage":"fi","potentialAction":[{"@type":"ReadAction","target":["https:\/\/www.fassaadikeskus.ee\/fi\/valmistajat\/kreisel\/"]}]},{"@type":"ImageObject","inLanguage":"fi","@id":"https:\/\/www.fassaadikeskus.ee\/fi\/valmistajat\/kreisel\/#primaryimage","url":"https:\/\/www.fassaadikeskus.ee\/wp-content\/uploads\/2018\/05\/kreisel-ssteem.jpg","contentUrl":"https:\/\/www.fassaadikeskus.ee\/wp-content\/uploads\/2018\/05\/kreisel-ssteem.jpg"},{"@type":"BreadcrumbList","@id":"https:\/\/www.fassaadikeskus.ee\/fi\/valmistajat\/kreisel\/#breadcrumb","itemListElement":[{"@type":"ListItem","position":1,"name":"Home","item":"https:\/\/www.fassaadikeskus.ee\/fi\/"},{"@type":"ListItem","position":2,"name":"Valmistajat","item":"https:\/\/www.fassaadikeskus.ee\/fi\/valmistajat\/"},{"@type":"ListItem","position":3,"name":"Kreisel"}]},{"@type":"WebSite","@id":"https:\/\/www.fassaadikeskus.ee\/#website","url":"https:\/\/www.fassaadikeskus.ee\/","name":"Fassaadikeskus - t\u00e4iuslikud fassaadilahendused otsast-l\u00f5puni!","description":"Fassaadikeskus","potentialAction":[{"@type":"SearchAction","target":{"@type":"EntryPoint","urlTemplate":"https:\/\/www.fassaadikeskus.ee\/?s={search_term_string}"},"query-input":{"@type":"PropertyValueSpecification","valueRequired":true,"valueName":"search_term_string"}}],"inLanguage":"fi"}]}},"_links":{"self":[{"href":"https:\/\/www.fassaadikeskus.ee\/fi\/wp-json\/wp\/v2\/pages\/934","targetHints":{"allow":["GET"]}}],"collection":[{"href":"https:\/\/www.fassaadikeskus.ee\/fi\/wp-json\/wp\/v2\/pages"}],"about":[{"href":"https:\/\/www.fassaadikeskus.ee\/fi\/wp-json\/wp\/v2\/types\/page"}],"author":[{"embeddable":true,"href":"https:\/\/www.fassaadikeskus.ee\/fi\/wp-json\/wp\/v2\/users\/1"}],"replies":[{"embeddable":true,"href":"https:\/\/www.fassaadikeskus.ee\/fi\/wp-json\/wp\/v2\/comments?post=934"}],"version-history":[{"count":1,"href":"https:\/\/www.fassaadikeskus.ee\/fi\/wp-json\/wp\/v2\/pages\/934\/revisions"}],"predecessor-version":[{"id":935,"href":"https:\/\/www.fassaadikeskus.ee\/fi\/wp-json\/wp\/v2\/pages\/934\/revisions\/935"}],"up":[{"embeddable":true,"href":"https:\/\/www.fassaadikeskus.ee\/fi\/wp-json\/wp\/v2\/pages\/920"}],"wp:attachment":[{"href":"https:\/\/www.fassaadikeskus.ee\/fi\/wp-json\/wp\/v2\/media?parent=934"}],"curies":[{"name":"wp","href":"https:\/\/api.w.org\/{rel}","templated":true}]}}