{"id":940,"date":"2018-10-25T22:32:13","date_gmt":"2018-10-25T19:32:13","guid":{"rendered":"https:\/\/www.fassaadikeskus.ee\/?page_id=940"},"modified":"2018-10-25T22:32:13","modified_gmt":"2018-10-25T19:32:13","slug":"energiamerkinta","status":"publish","type":"page","link":"https:\/\/www.fassaadikeskus.ee\/fi\/energiamerkinta\/","title":{"rendered":"Energiamerkint\u00e4"},"content":{"rendered":"[vc_row][vc_column][vc_column_text]Energiamerkki on rakennukselle tai rakennuksen osalle annettava asiakirja, joka heijastaa rakennuksen energiankulutusta l\u00e4mmitykseen, j\u00e4\u00e4hdytykseen, veden l\u00e4mmitt\u00e4miseen, ilmanvaihtoon sek\u00e4 valaistukseen. Energiamerkint\u00e4 antaa mahdollisuuden verrata energiankulutusta muihin samanarvoisten rakennusten energiankulutukseen. Vertailussa otetaan huomioon se, millaisia energianl\u00e4hteit\u00e4 rakennuksessa k\u00e4ytet\u00e4\u00e4n (kaukol\u00e4mmityst\u00e4, s\u00e4hk\u00f6\u00e4, maakaasua jne.). Lyhyesti sanoen on energiamerkint\u00e4 asiakirja, joka osoittaa rakennuksen todelliseen energiankulutukseen ja antaa rakennukselle energialuokan samoin, kuin se annetaan kodinkoneille. Mit\u00e4 matalampi on rakennuksen energialuokka, sit\u00e4 pienemm\u00e4t ovat my\u00f6s sen energiakustannukset. Energiamerkill\u00e4 m\u00e4\u00e4r\u00e4t\u00e4\u00e4n rakennuksen energialuokka, joka on voimassa 10 vuotta. Kuitenkin on suositeltava p\u00e4ivitt\u00e4\u00e4 energiamerkint\u00e4 talon jokaisen oleellisen uudistuksen j\u00e4lkeen. Energiamerkki annetaan suunniteltaville rakennuksille ja olemassa oleville rakennuksille eri perusteilla. Olemassa olevien rakennusten tapauksessa otetaan huomioon todelliset energiank\u00e4ytt\u00f6tiedot ja annetaan mitattuihin tai arvioituihin energiank\u00e4ytt\u00f6tietoihin perustuva energiamerkki.<\/p>\n<p>Suunniteltavalle tai oleellisesti peruskorjattavalle rakennukselle voidaan hakea vain energialaskelmiin perustuvaa energiamerkki\u00e4, koska energiank\u00e4ytt\u00f6\u00e4 pit\u00e4\u00e4 ennustaa, k\u00e4ytt\u00e4m\u00e4ll\u00e4 laskelmissa tiettyj\u00e4 laskelmamenetelmi\u00e4.<\/p>\n<p>Energiamerkint\u00e4 on oltava kaikilla rakennuksilla, joiden suunnittelu aloitettiin vuodesta 2009 alkaen. Se on esitett\u00e4v\u00e4 kunnanhallitukselle rakennuslupahakemuksen yhteydess\u00e4.<\/p>\n<p>Energiamerkint\u00e4 antaa tietoa siit\u00e4, mit\u00e4 pit\u00e4isi tehd\u00e4 energiakustannusten v\u00e4hent\u00e4miseksi. Siit\u00e4 johtuen on suoritettava energiatarkastus.<\/p>\n<p>Virossa tarjoaa energianeuvontaa rajavastuuyhti\u00f6 Energiamaja Konsultatsioonid O\u00dc. Sen ty\u00f6ntekij\u00e4t tarjoavat kokonaisvaltaisia ratkaisuja energiaa s\u00e4\u00e4st\u00e4vien talojen rakentamiseen tilaajien toiveiden mukaisesti ja ovat valmiita toteuttamaan ne projektip\u00e4\u00e4llikk\u00f6in\u00e4.<\/p>\n<p>Meid\u00e4n tavoitteenamme on riippumattomana asiantuntijana auttaa teit\u00e4 rakentamaan teille sopivan ja mielekk\u00e4\u00e4n talon. Sit\u00e4 varten tarvitaan koko prosessin kokonaisvaltaista suunnittelua ja toteutusta. Siihen kuuluvat alustava suunnittelu, oikeiden teknisten ratkaisujen l\u00f6yt\u00e4minen, energialaskelmat PHPP-ohjelman avulla, rakennushankinnan j\u00e4rjest\u00e4minen asiakkaalle parhaan ratkaisun ja hinnan l\u00f6yt\u00e4miseksi sek\u00e4 omistajavalvonta. Kokonaisratkaisu ja koko prosessin johtaminen takaa suunnitellun tuloksen ja laadun, jotka vastaavat asiakkaan odotuksia ja joiden tuloksena valmistuu asiakkaalle \u00c4lyk\u00e4s Rakennus.<\/p>\n<p>Rakennusten energiaa s\u00e4\u00e4st\u00e4v\u00e4n kokonaisratkaisun osat ovat:<\/p>\n<p><strong>Energiamerkki<\/strong> \u2013 antaa tiedon rakennuksen energiankulutuksesta ja energiakustannuksista.<\/p>\n<p><strong>Energiatarkastus<\/strong> \u2013 selvitet\u00e4\u00e4n rakennuksen energianhukan ja kustannusten syyt ja -l\u00e4hteet, tarjoamalla tarvittavia ratkaisuja kannattavuuslaskelmien avulla.<\/p>\n<p><strong>Energialaskelma<\/strong> \u2013 suoritetaan PHPP-ohjelmalla, mink\u00e4 tuloksena on mahdollista selvitt\u00e4\u00e4 olemassa olevan tai suunniteltavan rakennuksen energian nimelliskulutus, jota voidaan teknisten ratkaisujen avulla parantaa.<\/p>\n<p><strong>Termografia<\/strong> \u2013 auttaa l\u00f6yt\u00e4m\u00e4\u00e4n rakennuksen kylm\u00e4sillat, l\u00e4mp\u00f6putkien vuodot, ulkoseinien l\u00e4mm\u00f6npit\u00e4vyyden ja niiden l\u00e4mp\u00f6vuodot.<\/p>\n<p><strong>Energians\u00e4\u00e4st\u00f6- ja rakennusneuvonta<\/strong> \u2013 annetaan parhaat suositukset energiaa s\u00e4\u00e4st\u00e4v\u00e4n suunnitteluratkaisun l\u00f6yt\u00e4miseen sek\u00e4 rakennus- ja uudistust\u00f6iden toteuttamiseen.<\/p>\n<p><strong>Omistajavalvonta<\/strong> \u2013 taataan tilaajalle h\u00e4nen toivomuksia sek\u00e4 voimassa olevia normeja ja vaatimuksia vastaavan suunnitelman laatiminen, my\u00f6s suunnitelman mukaisen rakennuksen valmistuminen.[\/vc_column_text][vc_single_image image=&#8221;154&#8243; img_size=&#8221;full&#8221; onclick=&#8221;custom_link&#8221; img_link_target=&#8221;_blank&#8221; link=&#8221;http:\/\/energiamaja.ee\/&#8221; css=&#8221;.vc_custom_1526288096414{margin-top: 35px !important;}&#8221;][\/vc_column][\/vc_row]\n","protected":false},"excerpt":{"rendered":"<p>[vc_row][vc_column][vc_column_text]Energiamerkki on rakennukselle tai rakennuksen osalle annettava asiakirja, joka heijastaa rakennuksen energiankulutusta l\u00e4mmitykseen, j\u00e4\u00e4hdytykseen, veden l\u00e4mmitt\u00e4miseen, ilmanvaihtoon sek\u00e4 valaistukseen. Energiamerkint\u00e4 antaa mahdollisuuden verrata energiankulutusta muihin samanarvoisten rakennusten energiankulutukseen. Vertailussa otetaan huomioon se, millaisia energianl\u00e4hteit\u00e4 rakennuksessa k\u00e4ytet\u00e4\u00e4n (kaukol\u00e4mmityst\u00e4, s\u00e4hk\u00f6\u00e4, maakaasua jne.). Lyhyesti sanoen on energiamerkint\u00e4 asiakirja, joka osoittaa rakennuksen todelliseen energiankulutukseen ja antaa rakennukselle energialuokan samoin,&#8230;<\/p>\n","protected":false},"author":1,"featured_media":0,"parent":0,"menu_order":0,"comment_status":"closed","ping_status":"closed","template":"page-sub-full.php","meta":{"_acf_changed":false,"_monsterinsights_skip_tracking":false,"_monsterinsights_sitenote_active":false,"_monsterinsights_sitenote_note":"","_monsterinsights_sitenote_category":0,"footnotes":""},"class_list":["post-940","page","type-page","status-publish","hentry"],"acf":[],"yoast_head":"<!-- This site is optimized with the Yoast SEO plugin v24.3 - https:\/\/yoast.com\/wordpress\/plugins\/seo\/ -->\n<title>Energiamerkint\u00e4 | Fassaadikeskus - t\u00e4iuslikud fassaadilahendused otsast-l\u00f5puni!<\/title>\n<meta name=\"description\" content=\"Fassaadikeskus aitab teid maja v\u00f5i korteri fassaadi tegemisel! Pakume professionaalset t\u00e4isteenust otsast-l\u00f5puni! Loe lisa ning v\u00f5ta \u00fchendust meie kodulehelt vajutades siia!\" \/>\n<meta name=\"robots\" content=\"index, follow, max-snippet:-1, max-image-preview:large, max-video-preview:-1\" \/>\n<link rel=\"canonical\" href=\"https:\/\/www.fassaadikeskus.ee\/fi\/energiamerkinta\/\" \/>\n<meta property=\"og:locale\" content=\"fi_FI\" \/>\n<meta property=\"og:type\" content=\"article\" \/>\n<meta property=\"og:title\" content=\"Energiamerkint\u00e4 | Fassaadikeskus - t\u00e4iuslikud fassaadilahendused otsast-l\u00f5puni!\" \/>\n<meta property=\"og:description\" content=\"Fassaadikeskus aitab teid maja v\u00f5i korteri fassaadi tegemisel! Pakume professionaalset t\u00e4isteenust otsast-l\u00f5puni! Loe lisa ning v\u00f5ta \u00fchendust meie kodulehelt vajutades siia!\" \/>\n<meta property=\"og:url\" content=\"https:\/\/www.fassaadikeskus.ee\/fi\/energiamerkinta\/\" \/>\n<meta property=\"og:site_name\" content=\"Fassaadikeskus - t\u00e4iuslikud fassaadilahendused otsast-l\u00f5puni!\" \/>\n<meta name=\"twitter:card\" content=\"summary_large_image\" \/>\n<meta name=\"twitter:label1\" content=\"Arvioitu lukuaika\" \/>\n\t<meta name=\"twitter:data1\" content=\"2 minuuttia\" \/>\n<script type=\"application\/ld+json\" class=\"yoast-schema-graph\">{\"@context\":\"https:\/\/schema.org\",\"@graph\":[{\"@type\":\"WebPage\",\"@id\":\"https:\/\/www.fassaadikeskus.ee\/fi\/energiamerkinta\/\",\"url\":\"https:\/\/www.fassaadikeskus.ee\/fi\/energiamerkinta\/\",\"name\":\"Energiamerkint\u00e4 | Fassaadikeskus - t\u00e4iuslikud fassaadilahendused otsast-l\u00f5puni!\",\"isPartOf\":{\"@id\":\"https:\/\/www.fassaadikeskus.ee\/#website\"},\"datePublished\":\"2018-10-25T19:32:13+00:00\",\"dateModified\":\"2018-10-25T19:32:13+00:00\",\"description\":\"Fassaadikeskus aitab teid maja v\u00f5i korteri fassaadi tegemisel! Pakume professionaalset t\u00e4isteenust otsast-l\u00f5puni! Loe lisa ning v\u00f5ta \u00fchendust meie kodulehelt vajutades siia!\",\"breadcrumb\":{\"@id\":\"https:\/\/www.fassaadikeskus.ee\/fi\/energiamerkinta\/#breadcrumb\"},\"inLanguage\":\"fi\",\"potentialAction\":[{\"@type\":\"ReadAction\",\"target\":[\"https:\/\/www.fassaadikeskus.ee\/fi\/energiamerkinta\/\"]}]},{\"@type\":\"BreadcrumbList\",\"@id\":\"https:\/\/www.fassaadikeskus.ee\/fi\/energiamerkinta\/#breadcrumb\",\"itemListElement\":[{\"@type\":\"ListItem\",\"position\":1,\"name\":\"Home\",\"item\":\"https:\/\/www.fassaadikeskus.ee\/fi\/\"},{\"@type\":\"ListItem\",\"position\":2,\"name\":\"Energiamerkint\u00e4\"}]},{\"@type\":\"WebSite\",\"@id\":\"https:\/\/www.fassaadikeskus.ee\/#website\",\"url\":\"https:\/\/www.fassaadikeskus.ee\/\",\"name\":\"Fassaadikeskus - t\u00e4iuslikud fassaadilahendused otsast-l\u00f5puni!\",\"description\":\"Fassaadikeskus\",\"potentialAction\":[{\"@type\":\"SearchAction\",\"target\":{\"@type\":\"EntryPoint\",\"urlTemplate\":\"https:\/\/www.fassaadikeskus.ee\/?s={search_term_string}\"},\"query-input\":{\"@type\":\"PropertyValueSpecification\",\"valueRequired\":true,\"valueName\":\"search_term_string\"}}],\"inLanguage\":\"fi\"}]}<\/script>\n<!-- \/ Yoast SEO plugin. -->","yoast_head_json":{"title":"Energiamerkint\u00e4 | Fassaadikeskus - t\u00e4iuslikud fassaadilahendused otsast-l\u00f5puni!","description":"Fassaadikeskus aitab teid maja v\u00f5i korteri fassaadi tegemisel! Pakume professionaalset t\u00e4isteenust otsast-l\u00f5puni! Loe lisa ning v\u00f5ta \u00fchendust meie kodulehelt vajutades siia!","robots":{"index":"index","follow":"follow","max-snippet":"max-snippet:-1","max-image-preview":"max-image-preview:large","max-video-preview":"max-video-preview:-1"},"canonical":"https:\/\/www.fassaadikeskus.ee\/fi\/energiamerkinta\/","og_locale":"fi_FI","og_type":"article","og_title":"Energiamerkint\u00e4 | Fassaadikeskus - t\u00e4iuslikud fassaadilahendused otsast-l\u00f5puni!","og_description":"Fassaadikeskus aitab teid maja v\u00f5i korteri fassaadi tegemisel! Pakume professionaalset t\u00e4isteenust otsast-l\u00f5puni! Loe lisa ning v\u00f5ta \u00fchendust meie kodulehelt vajutades siia!","og_url":"https:\/\/www.fassaadikeskus.ee\/fi\/energiamerkinta\/","og_site_name":"Fassaadikeskus - t\u00e4iuslikud fassaadilahendused otsast-l\u00f5puni!","twitter_card":"summary_large_image","twitter_misc":{"Arvioitu lukuaika":"2 minuuttia"},"schema":{"@context":"https:\/\/schema.org","@graph":[{"@type":"WebPage","@id":"https:\/\/www.fassaadikeskus.ee\/fi\/energiamerkinta\/","url":"https:\/\/www.fassaadikeskus.ee\/fi\/energiamerkinta\/","name":"Energiamerkint\u00e4 | Fassaadikeskus - t\u00e4iuslikud fassaadilahendused otsast-l\u00f5puni!","isPartOf":{"@id":"https:\/\/www.fassaadikeskus.ee\/#website"},"datePublished":"2018-10-25T19:32:13+00:00","dateModified":"2018-10-25T19:32:13+00:00","description":"Fassaadikeskus aitab teid maja v\u00f5i korteri fassaadi tegemisel! Pakume professionaalset t\u00e4isteenust otsast-l\u00f5puni! Loe lisa ning v\u00f5ta \u00fchendust meie kodulehelt vajutades siia!","breadcrumb":{"@id":"https:\/\/www.fassaadikeskus.ee\/fi\/energiamerkinta\/#breadcrumb"},"inLanguage":"fi","potentialAction":[{"@type":"ReadAction","target":["https:\/\/www.fassaadikeskus.ee\/fi\/energiamerkinta\/"]}]},{"@type":"BreadcrumbList","@id":"https:\/\/www.fassaadikeskus.ee\/fi\/energiamerkinta\/#breadcrumb","itemListElement":[{"@type":"ListItem","position":1,"name":"Home","item":"https:\/\/www.fassaadikeskus.ee\/fi\/"},{"@type":"ListItem","position":2,"name":"Energiamerkint\u00e4"}]},{"@type":"WebSite","@id":"https:\/\/www.fassaadikeskus.ee\/#website","url":"https:\/\/www.fassaadikeskus.ee\/","name":"Fassaadikeskus - t\u00e4iuslikud fassaadilahendused otsast-l\u00f5puni!","description":"Fassaadikeskus","potentialAction":[{"@type":"SearchAction","target":{"@type":"EntryPoint","urlTemplate":"https:\/\/www.fassaadikeskus.ee\/?s={search_term_string}"},"query-input":{"@type":"PropertyValueSpecification","valueRequired":true,"valueName":"search_term_string"}}],"inLanguage":"fi"}]}},"_links":{"self":[{"href":"https:\/\/www.fassaadikeskus.ee\/fi\/wp-json\/wp\/v2\/pages\/940","targetHints":{"allow":["GET"]}}],"collection":[{"href":"https:\/\/www.fassaadikeskus.ee\/fi\/wp-json\/wp\/v2\/pages"}],"about":[{"href":"https:\/\/www.fassaadikeskus.ee\/fi\/wp-json\/wp\/v2\/types\/page"}],"author":[{"embeddable":true,"href":"https:\/\/www.fassaadikeskus.ee\/fi\/wp-json\/wp\/v2\/users\/1"}],"replies":[{"embeddable":true,"href":"https:\/\/www.fassaadikeskus.ee\/fi\/wp-json\/wp\/v2\/comments?post=940"}],"version-history":[{"count":1,"href":"https:\/\/www.fassaadikeskus.ee\/fi\/wp-json\/wp\/v2\/pages\/940\/revisions"}],"predecessor-version":[{"id":941,"href":"https:\/\/www.fassaadikeskus.ee\/fi\/wp-json\/wp\/v2\/pages\/940\/revisions\/941"}],"wp:attachment":[{"href":"https:\/\/www.fassaadikeskus.ee\/fi\/wp-json\/wp\/v2\/media?parent=940"}],"curies":[{"name":"wp","href":"https:\/\/api.w.org\/{rel}","templated":true}]}}