{"id":980,"date":"2018-10-25T22:44:25","date_gmt":"2018-10-25T19:44:25","guid":{"rendered":"https:\/\/www.fassaadikeskus.ee\/?page_id=980"},"modified":"2018-10-25T22:44:25","modified_gmt":"2018-10-25T19:44:25","slug":"arkkitehdit","status":"publish","type":"page","link":"https:\/\/www.fassaadikeskus.ee\/fi\/yhteistyokumppanit\/arkkitehdit\/","title":{"rendered":"Arkkitehdit"},"content":{"rendered":"[vc_row eq_height=&#8221;yes&#8221;][vc_column width=&#8221;1\/6&#8243; css=&#8221;.vc_custom_1526295099756{margin-bottom: 35px !important;}&#8221;][vc_column_text el_class=&#8221;company-name&#8221;]Innapolis[\/vc_column_text][\/vc_column][vc_column width=&#8221;1\/6&#8243; css=&#8221;.vc_custom_1526295114484{margin-bottom: 35px !important;}&#8221;][\/vc_column][vc_column width=&#8221;1\/6&#8243; css=&#8221;.vc_custom_1526295118371{margin-bottom: 35px !important;}&#8221;][\/vc_column][vc_column width=&#8221;1\/6&#8243; css=&#8221;.vc_custom_1526295122692{margin-bottom: 35px !important;}&#8221;][\/vc_column][vc_column width=&#8221;1\/6&#8243; css=&#8221;.vc_custom_1526295380452{margin-bottom: 35px !important;}&#8221;][\/vc_column][vc_column width=&#8221;1\/6&#8243;][\/vc_column][\/vc_row]\n","protected":false},"excerpt":{"rendered":"<p>[vc_row eq_height=&#8221;yes&#8221;][vc_column width=&#8221;1\/6&#8243; css=&#8221;.vc_custom_1526295099756{margin-bottom: 35px !important;}&#8221;][vc_column_text el_class=&#8221;company-name&#8221;]Innapolis[\/vc_column_text][\/vc_column][vc_column width=&#8221;1\/6&#8243; css=&#8221;.vc_custom_1526295114484{margin-bottom: 35px !important;}&#8221;][\/vc_column][vc_column width=&#8221;1\/6&#8243; css=&#8221;.vc_custom_1526295118371{margin-bottom: 35px !important;}&#8221;][\/vc_column][vc_column width=&#8221;1\/6&#8243; css=&#8221;.vc_custom_1526295122692{margin-bottom: 35px !important;}&#8221;][\/vc_column][vc_column width=&#8221;1\/6&#8243; css=&#8221;.vc_custom_1526295380452{margin-bottom: 35px !important;}&#8221;][\/vc_column][vc_column width=&#8221;1\/6&#8243;][\/vc_column][\/vc_row]<\/p>\n","protected":false},"author":1,"featured_media":0,"parent":953,"menu_order":0,"comment_status":"closed","ping_status":"closed","template":"page-sub-full.php","meta":{"_acf_changed":false,"_monsterinsights_skip_tracking":false,"_monsterinsights_sitenote_active":false,"_monsterinsights_sitenote_note":"","_monsterinsights_sitenote_category":0,"footnotes":""},"class_list":["post-980","page","type-page","status-publish","hentry"],"acf":[],"yoast_head":"<!-- This site is optimized with the Yoast SEO plugin v24.3 - https:\/\/yoast.com\/wordpress\/plugins\/seo\/ -->\n<title>Arkkitehdit | Fassaadikeskus - t\u00e4iuslikud fassaadilahendused otsast-l\u00f5puni!<\/title>\n<meta name=\"description\" content=\"Fassaadikeskus aitab teid maja v\u00f5i korteri fassaadi tegemisel! Pakume professionaalset t\u00e4isteenust otsast-l\u00f5puni! Loe lisa ning v\u00f5ta \u00fchendust meie kodulehelt vajutades siia!\" \/>\n<meta name=\"robots\" content=\"index, follow, max-snippet:-1, max-image-preview:large, max-video-preview:-1\" \/>\n<link rel=\"canonical\" href=\"https:\/\/www.fassaadikeskus.ee\/fi\/yhteistyokumppanit\/arkkitehdit\/\" \/>\n<meta property=\"og:locale\" content=\"fi_FI\" \/>\n<meta property=\"og:type\" content=\"article\" \/>\n<meta property=\"og:title\" content=\"Arkkitehdit | Fassaadikeskus - t\u00e4iuslikud fassaadilahendused otsast-l\u00f5puni!\" \/>\n<meta property=\"og:description\" content=\"Fassaadikeskus aitab teid maja v\u00f5i korteri fassaadi tegemisel! Pakume professionaalset t\u00e4isteenust otsast-l\u00f5puni! Loe lisa ning v\u00f5ta \u00fchendust meie kodulehelt vajutades siia!\" \/>\n<meta property=\"og:url\" content=\"https:\/\/www.fassaadikeskus.ee\/fi\/yhteistyokumppanit\/arkkitehdit\/\" \/>\n<meta property=\"og:site_name\" content=\"Fassaadikeskus - t\u00e4iuslikud fassaadilahendused otsast-l\u00f5puni!\" \/>\n<meta name=\"twitter:card\" content=\"summary_large_image\" \/>\n<script type=\"application\/ld+json\" class=\"yoast-schema-graph\">{\"@context\":\"https:\/\/schema.org\",\"@graph\":[{\"@type\":\"WebPage\",\"@id\":\"https:\/\/www.fassaadikeskus.ee\/fi\/yhteistyokumppanit\/arkkitehdit\/\",\"url\":\"https:\/\/www.fassaadikeskus.ee\/fi\/yhteistyokumppanit\/arkkitehdit\/\",\"name\":\"Arkkitehdit | Fassaadikeskus - t\u00e4iuslikud fassaadilahendused otsast-l\u00f5puni!\",\"isPartOf\":{\"@id\":\"https:\/\/www.fassaadikeskus.ee\/#website\"},\"datePublished\":\"2018-10-25T19:44:25+00:00\",\"dateModified\":\"2018-10-25T19:44:25+00:00\",\"description\":\"Fassaadikeskus aitab teid maja v\u00f5i korteri fassaadi tegemisel! Pakume professionaalset t\u00e4isteenust otsast-l\u00f5puni! Loe lisa ning v\u00f5ta \u00fchendust meie kodulehelt vajutades siia!\",\"breadcrumb\":{\"@id\":\"https:\/\/www.fassaadikeskus.ee\/fi\/yhteistyokumppanit\/arkkitehdit\/#breadcrumb\"},\"inLanguage\":\"fi\",\"potentialAction\":[{\"@type\":\"ReadAction\",\"target\":[\"https:\/\/www.fassaadikeskus.ee\/fi\/yhteistyokumppanit\/arkkitehdit\/\"]}]},{\"@type\":\"BreadcrumbList\",\"@id\":\"https:\/\/www.fassaadikeskus.ee\/fi\/yhteistyokumppanit\/arkkitehdit\/#breadcrumb\",\"itemListElement\":[{\"@type\":\"ListItem\",\"position\":1,\"name\":\"Home\",\"item\":\"https:\/\/www.fassaadikeskus.ee\/fi\/\"},{\"@type\":\"ListItem\",\"position\":2,\"name\":\"Yhteisty\u00f6kumppanit\",\"item\":\"https:\/\/www.fassaadikeskus.ee\/fi\/yhteistyokumppanit\/\"},{\"@type\":\"ListItem\",\"position\":3,\"name\":\"Arkkitehdit\"}]},{\"@type\":\"WebSite\",\"@id\":\"https:\/\/www.fassaadikeskus.ee\/#website\",\"url\":\"https:\/\/www.fassaadikeskus.ee\/\",\"name\":\"Fassaadikeskus - t\u00e4iuslikud fassaadilahendused otsast-l\u00f5puni!\",\"description\":\"Fassaadikeskus\",\"potentialAction\":[{\"@type\":\"SearchAction\",\"target\":{\"@type\":\"EntryPoint\",\"urlTemplate\":\"https:\/\/www.fassaadikeskus.ee\/?s={search_term_string}\"},\"query-input\":{\"@type\":\"PropertyValueSpecification\",\"valueRequired\":true,\"valueName\":\"search_term_string\"}}],\"inLanguage\":\"fi\"}]}<\/script>\n<!-- \/ Yoast SEO plugin. -->","yoast_head_json":{"title":"Arkkitehdit | Fassaadikeskus - t\u00e4iuslikud fassaadilahendused otsast-l\u00f5puni!","description":"Fassaadikeskus aitab teid maja v\u00f5i korteri fassaadi tegemisel! Pakume professionaalset t\u00e4isteenust otsast-l\u00f5puni! Loe lisa ning v\u00f5ta \u00fchendust meie kodulehelt vajutades siia!","robots":{"index":"index","follow":"follow","max-snippet":"max-snippet:-1","max-image-preview":"max-image-preview:large","max-video-preview":"max-video-preview:-1"},"canonical":"https:\/\/www.fassaadikeskus.ee\/fi\/yhteistyokumppanit\/arkkitehdit\/","og_locale":"fi_FI","og_type":"article","og_title":"Arkkitehdit | Fassaadikeskus - t\u00e4iuslikud fassaadilahendused otsast-l\u00f5puni!","og_description":"Fassaadikeskus aitab teid maja v\u00f5i korteri fassaadi tegemisel! Pakume professionaalset t\u00e4isteenust otsast-l\u00f5puni! Loe lisa ning v\u00f5ta \u00fchendust meie kodulehelt vajutades siia!","og_url":"https:\/\/www.fassaadikeskus.ee\/fi\/yhteistyokumppanit\/arkkitehdit\/","og_site_name":"Fassaadikeskus - t\u00e4iuslikud fassaadilahendused otsast-l\u00f5puni!","twitter_card":"summary_large_image","schema":{"@context":"https:\/\/schema.org","@graph":[{"@type":"WebPage","@id":"https:\/\/www.fassaadikeskus.ee\/fi\/yhteistyokumppanit\/arkkitehdit\/","url":"https:\/\/www.fassaadikeskus.ee\/fi\/yhteistyokumppanit\/arkkitehdit\/","name":"Arkkitehdit | Fassaadikeskus - t\u00e4iuslikud fassaadilahendused otsast-l\u00f5puni!","isPartOf":{"@id":"https:\/\/www.fassaadikeskus.ee\/#website"},"datePublished":"2018-10-25T19:44:25+00:00","dateModified":"2018-10-25T19:44:25+00:00","description":"Fassaadikeskus aitab teid maja v\u00f5i korteri fassaadi tegemisel! Pakume professionaalset t\u00e4isteenust otsast-l\u00f5puni! Loe lisa ning v\u00f5ta \u00fchendust meie kodulehelt vajutades siia!","breadcrumb":{"@id":"https:\/\/www.fassaadikeskus.ee\/fi\/yhteistyokumppanit\/arkkitehdit\/#breadcrumb"},"inLanguage":"fi","potentialAction":[{"@type":"ReadAction","target":["https:\/\/www.fassaadikeskus.ee\/fi\/yhteistyokumppanit\/arkkitehdit\/"]}]},{"@type":"BreadcrumbList","@id":"https:\/\/www.fassaadikeskus.ee\/fi\/yhteistyokumppanit\/arkkitehdit\/#breadcrumb","itemListElement":[{"@type":"ListItem","position":1,"name":"Home","item":"https:\/\/www.fassaadikeskus.ee\/fi\/"},{"@type":"ListItem","position":2,"name":"Yhteisty\u00f6kumppanit","item":"https:\/\/www.fassaadikeskus.ee\/fi\/yhteistyokumppanit\/"},{"@type":"ListItem","position":3,"name":"Arkkitehdit"}]},{"@type":"WebSite","@id":"https:\/\/www.fassaadikeskus.ee\/#website","url":"https:\/\/www.fassaadikeskus.ee\/","name":"Fassaadikeskus - t\u00e4iuslikud fassaadilahendused otsast-l\u00f5puni!","description":"Fassaadikeskus","potentialAction":[{"@type":"SearchAction","target":{"@type":"EntryPoint","urlTemplate":"https:\/\/www.fassaadikeskus.ee\/?s={search_term_string}"},"query-input":{"@type":"PropertyValueSpecification","valueRequired":true,"valueName":"search_term_string"}}],"inLanguage":"fi"}]}},"_links":{"self":[{"href":"https:\/\/www.fassaadikeskus.ee\/fi\/wp-json\/wp\/v2\/pages\/980","targetHints":{"allow":["GET"]}}],"collection":[{"href":"https:\/\/www.fassaadikeskus.ee\/fi\/wp-json\/wp\/v2\/pages"}],"about":[{"href":"https:\/\/www.fassaadikeskus.ee\/fi\/wp-json\/wp\/v2\/types\/page"}],"author":[{"embeddable":true,"href":"https:\/\/www.fassaadikeskus.ee\/fi\/wp-json\/wp\/v2\/users\/1"}],"replies":[{"embeddable":true,"href":"https:\/\/www.fassaadikeskus.ee\/fi\/wp-json\/wp\/v2\/comments?post=980"}],"version-history":[{"count":1,"href":"https:\/\/www.fassaadikeskus.ee\/fi\/wp-json\/wp\/v2\/pages\/980\/revisions"}],"predecessor-version":[{"id":981,"href":"https:\/\/www.fassaadikeskus.ee\/fi\/wp-json\/wp\/v2\/pages\/980\/revisions\/981"}],"up":[{"embeddable":true,"href":"https:\/\/www.fassaadikeskus.ee\/fi\/wp-json\/wp\/v2\/pages\/953"}],"wp:attachment":[{"href":"https:\/\/www.fassaadikeskus.ee\/fi\/wp-json\/wp\/v2\/media?parent=980"}],"curies":[{"name":"wp","href":"https:\/\/api.w.org\/{rel}","templated":true}]}}