{"id":1070,"date":"2018-10-25T23:17:39","date_gmt":"2018-10-25T20:17:39","guid":{"rendered":"https:\/\/www.fassaadikeskus.ee\/?page_id=1070"},"modified":"2021-05-06T01:06:44","modified_gmt":"2021-05-05T22:06:44","slug":"%d0%b3%d0%bb%d0%b0%d0%b2%d0%bd%d0%b0%d1%8f","status":"publish","type":"page","link":"https:\/\/www.fassaadikeskus.ee\/ru\/","title":{"rendered":"\u0413\u043b\u0430\u0432\u043d\u0430\u044f"},"content":{"rendered":"[vc_row el_class=&#187;home-page-slider&#187;][vc_column][rev_slider_vc alias=&#187;esileht&#187;][\/vc_column][\/vc_row][vc_row][vc_column css=&#187;.vc_custom_1526041946392{padding-top: 60px !important;padding-bottom: 50px !important;}&#187;][vc_custom_heading text=&#187;\u041d\u0435\u043a\u043e\u0442\u043e\u0440\u044b\u0435 \u043c\u0430\u0442\u0435\u0440\u0438\u0430\u043b\u044b,<br \/>\n\u043a\u043e\u0442\u043e\u0440\u044b\u0435 \u043c\u044b \u043f\u0440\u043e\u0434\u0430\u0451\u043c&#187; font_container=&#187;tag:h3|text_align:center&#187; use_theme_fonts=&#187;yes&#187; el_class=&#187;section-title&#187;][\/vc_column][\/vc_row][vc_row][vc_column]<div class=\"recent_posts_container  clearfix\"><div class=\"is_grid clearfix\"><div class=\"blogpost grid_posts columns-4\"><div class=\"flexslider mini posts-grid\"><ul class=\"slides\"><li><div class=\"one-fourth-recent\"><figure><a href=\"https:\/\/www.fassaadikeskus.ee\/ru\/silikon-protect-nanotznk-031-%d1%88%d1%82%d1%83%d0%ba%d0%b0%d1%82%d1%83%d1%80%d0%ba%d0%b0-%d0%b4%d0%b5%d0%ba%d0%be%d1%80%d0%b0%d1%82%d0%b8%d0%b2%d0%bd%d0%b0%d1%8f-%d0%bd%d0%b0%d0%bd%d0%be%d1%81%d0%b8\/\"><div class=\"text-overlay\"><div class=\"info\"><span class=\"plus_icon\">+<\/span><\/div><\/div><img loading=\"lazy\" decoding=\"async\" width=\"210\" height=\"210\" src=\"https:\/\/www.fassaadikeskus.ee\/wp-content\/uploads\/2019\/07\/IM0011157_md-e1661419658487.jpg\" class=\"attachment-full size-full wp-post-image\" alt=\"\" \/><\/a><\/figure><\/div><\/li><\/ul><\/div><div class=\"description\"><h3><a href=\"https:\/\/www.fassaadikeskus.ee\/ru\/silikon-protect-nanotznk-031-%d1%88%d1%82%d1%83%d0%ba%d0%b0%d1%82%d1%83%d1%80%d0%ba%d0%b0-%d0%b4%d0%b5%d0%ba%d0%be%d1%80%d0%b0%d1%82%d0%b8%d0%b2%d0%bd%d0%b0%d1%8f-%d0%bd%d0%b0%d0%bd%d0%be%d1%81%d0%b8\/\">SILIKON PROTECT NANOTZNK 031 \u0428\u0442\u0443\u043a\u0430\u0442\u0443\u0440\u043a\u0430 \u0434\u0435\u043a\u043e\u0440\u0430\u0442\u0438\u0432\u043d\u0430\u044f \u043d\u0430\u043d\u043e\u0441\u0438\u043b\u0438\u043a\u043e\u043d\u043e\u0432\u0430\u044f<\/a><\/h3><\/div><\/div><div class=\"blogpost grid_posts columns-4\"><div class=\"flexslider mini posts-grid\"><ul class=\"slides\"><li><div class=\"one-fourth-recent\"><figure><a href=\"https:\/\/www.fassaadikeskus.ee\/ru\/armierungs-gewebekleber-220-%d0%b1%d0%b0%d0%b7%d0%be%d0%b2%d1%8b%d0%b9-%d1%88%d1%82%d1%83%d0%ba%d0%b0%d1%82%d1%83%d1%80%d0%bd%d1%8b%d0%b9-%d0%b8-%d0%ba%d0%bb%d0%b5%d0%b5%d0%b2%d0%be%d0%b9-%d1%81%d0%be\/\"><div class=\"text-overlay\"><div class=\"info\"><span class=\"plus_icon\">+<\/span><\/div><\/div><img loading=\"lazy\" decoding=\"async\" width=\"273\" height=\"495\" src=\"https:\/\/www.fassaadikeskus.ee\/wp-content\/uploads\/2018\/11\/IM0010120_lg.jpg\" class=\"attachment-full size-full wp-post-image\" alt=\"\" srcset=\"https:\/\/www.fassaadikeskus.ee\/wp-content\/uploads\/2018\/11\/IM0010120_lg.jpg 273w, https:\/\/www.fassaadikeskus.ee\/wp-content\/uploads\/2018\/11\/IM0010120_lg-165x300.jpg 165w\" sizes=\"auto, (max-width: 273px) 100vw, 273px\" \/><\/a><\/figure><\/div><\/li><\/ul><\/div><div class=\"description\"><h3><a href=\"https:\/\/www.fassaadikeskus.ee\/ru\/armierungs-gewebekleber-220-%d0%b1%d0%b0%d0%b7%d0%be%d0%b2%d1%8b%d0%b9-%d1%88%d1%82%d1%83%d0%ba%d0%b0%d1%82%d1%83%d1%80%d0%bd%d1%8b%d0%b9-%d0%b8-%d0%ba%d0%bb%d0%b5%d0%b5%d0%b2%d0%be%d0%b9-%d1%81%d0%be\/\">Armierungs-Gewebekleber 220 \u0411\u0430\u0437\u043e\u0432\u044b\u0439 \u0448\u0442\u0443\u043a\u0430\u0442\u0443\u0440\u043d\u044b\u0439 \u0438 \u043a\u043b\u0435\u0435\u0432\u043e\u0439 \u0441\u043e\u0441\u0442\u0430\u0432 \u0434\u043b\u044f \u043f\u043b\u0438\u0442 \u0438\u0437 \u043f\u0435\u043d\u043e\u043f\u043e\u043b\u0438\u0441\u0442\u0438\u0440\u043e\u043b\u0430<\/a><\/h3><\/div><\/div><div class=\"blogpost grid_posts columns-4\"><div class=\"flexslider mini posts-grid\"><ul class=\"slides\"><li><div class=\"one-fourth-recent\"><figure><a href=\"https:\/\/www.fassaadikeskus.ee\/ru\/tiefgrund-lmf-301-%d0%b3%d1%80%d1%83%d0%bd%d1%82%d0%be%d0%b2%d0%ba%d0%b0-%d0%b3%d0%bb%d1%83%d0%b1%d0%be%d0%ba%d0%be%d0%b3%d0%be-%d0%bf%d1%80%d0%be%d0%bd%d0%b8%d0%ba%d0%bd%d0%be%d0%b2%d0%b5%d0%bd%d0%b8\/\"><div class=\"text-overlay\"><div class=\"info\"><span class=\"plus_icon\">+<\/span><\/div><\/div><img loading=\"lazy\" decoding=\"async\" width=\"334\" height=\"495\" src=\"https:\/\/www.fassaadikeskus.ee\/wp-content\/uploads\/2018\/11\/IM0029686_lg.jpg\" class=\"attachment-full size-full wp-post-image\" alt=\"\" srcset=\"https:\/\/www.fassaadikeskus.ee\/wp-content\/uploads\/2018\/11\/IM0029686_lg.jpg 334w, https:\/\/www.fassaadikeskus.ee\/wp-content\/uploads\/2018\/11\/IM0029686_lg-202x300.jpg 202w\" sizes=\"auto, (max-width: 334px) 100vw, 334px\" \/><\/a><\/figure><\/div><\/li><\/ul><\/div><div class=\"description\"><h3><a href=\"https:\/\/www.fassaadikeskus.ee\/ru\/tiefgrund-lmf-301-%d0%b3%d1%80%d1%83%d0%bd%d1%82%d0%be%d0%b2%d0%ba%d0%b0-%d0%b3%d0%bb%d1%83%d0%b1%d0%be%d0%ba%d0%be%d0%b3%d0%be-%d0%bf%d1%80%d0%be%d0%bd%d0%b8%d0%ba%d0%bd%d0%be%d0%b2%d0%b5%d0%bd%d0%b8\/\">Tiefgrund LMF 301 \u0413\u0440\u0443\u043d\u0442\u043e\u0432\u043a\u0430 \u0433\u043b\u0443\u0431\u043e\u043a\u043e\u0433\u043e \u043f\u0440\u043e\u043d\u0438\u043a\u043d\u043e\u0432\u0435\u043d\u0438\u044f, \u043a\u043e\u043d\u0446\u0435\u043d\u0442\u0440\u0430\u0442<\/a><\/h3><\/div><\/div><div class=\"blogpost grid_posts columns-4\"><div class=\"flexslider mini posts-grid\"><ul class=\"slides\"><li><div class=\"one-fourth-recent\"><figure><a href=\"https:\/\/www.fassaadikeskus.ee\/ru\/putzgrund-330-%d0%b3%d1%80%d1%83%d0%bd%d1%82%d0%be%d0%b2%d0%ba%d0%b0-%d0%bf%d0%be%d0%b4-%d0%bc%d0%b8%d0%bd%d0%b5%d1%80%d0%b0%d0%bb%d1%8c%d0%bd%d1%83%d1%8e-%d0%b0%d0%ba%d1%80%d0%b8%d0%bb%d0%be%d0%b2\/\"><div class=\"text-overlay\"><div class=\"info\"><span class=\"plus_icon\">+<\/span><\/div><\/div><img loading=\"lazy\" decoding=\"async\" width=\"210\" height=\"210\" src=\"https:\/\/www.fassaadikeskus.ee\/wp-content\/uploads\/2018\/11\/IM0011116_md.jpg\" class=\"attachment-full size-full wp-post-image\" alt=\"\" srcset=\"https:\/\/www.fassaadikeskus.ee\/wp-content\/uploads\/2018\/11\/IM0011116_md.jpg 210w, https:\/\/www.fassaadikeskus.ee\/wp-content\/uploads\/2018\/11\/IM0011116_md-150x150.jpg 150w, https:\/\/www.fassaadikeskus.ee\/wp-content\/uploads\/2018\/11\/IM0011116_md-90x90.jpg 90w\" sizes=\"auto, (max-width: 210px) 100vw, 210px\" \/><\/a><\/figure><\/div><\/li><\/ul><\/div><div class=\"description\"><h3><a href=\"https:\/\/www.fassaadikeskus.ee\/ru\/putzgrund-330-%d0%b3%d1%80%d1%83%d0%bd%d1%82%d0%be%d0%b2%d0%ba%d0%b0-%d0%bf%d0%be%d0%b4-%d0%bc%d0%b8%d0%bd%d0%b5%d1%80%d0%b0%d0%bb%d1%8c%d0%bd%d1%83%d1%8e-%d0%b0%d0%ba%d1%80%d0%b8%d0%bb%d0%be%d0%b2\/\">Putzgrund 330 \u0413\u0440\u0443\u043d\u0442\u043e\u0432\u043a\u0430 \u043f\u043e\u0434 \u043c\u0438\u043d\u0435\u0440\u0430\u043b\u044c\u043d\u0443\u044e, \u0430\u043a\u0440\u0438\u043b\u043e\u0432\u0443\u044e \u0438 \u043c\u043e\u0437\u0430\u0438\u0447\u043d\u0443\u044e \u0448\u0442\u0443\u043a\u0430\u0442\u0443\u0440\u043a\u0443<\/a><\/h3><\/div><\/div><\/div><\/div>[\/vc_column][\/vc_row][vc_row css=&#187;.vc_custom_1526042151367{padding-top: 15px !important;padding-bottom: 65px !important;}&#187;][vc_column][vc_column_text el_class=&#187;view-more-products&#187;]<a href=\"https:\/\/www.fassaadikeskus.ee\/materjalid\/\">\u0421\u043c\u043e\u0442\u0440\u0438\u0442\u0435 \u0435\u0449\u0451 \u0438\u0437\u0434\u0435\u043b\u0438\u044f<\/a>[\/vc_column_text][\/vc_column][\/vc_row][vc_row el_class=&#187;section-border-top&#187;][vc_column css=&#187;.vc_custom_1525863411171{padding-top: 60px !important;padding-bottom: 60px !important;}&#187;][vc_custom_heading text=&#187;\u0424\u0430\u0441\u0430\u0434\u043d\u044b\u0439 \u0446\u0435\u043d\u0442\u0440 \u043f\u043e\u043c\u043e\u0436\u0435\u0442 \u0412\u0430\u043c \u0432\u043e \u0432\u0441\u0435\u0445<br \/>\n\u0432\u043e\u043f\u0440\u043e\u0441\u0430\u0445!&#187; font_container=&#187;tag:h3|text_align:center&#187; use_theme_fonts=&#187;yes&#187; el_class=&#187;section-title&#187;][\/vc_column][\/vc_row][vc_row eq_height=&#187;yes&#187;][vc_column width=&#187;1\/4&#8243; css=&#187;.vc_custom_1525869024115{margin-bottom: 55px !important;}&#187;][vc_single_image image=&#187;84&#8243; alignment=&#187;center&#187; el_class=&#187;section-column-icon&#187;][vc_custom_heading text=&#187;\u0421\u0442\u0440\u043e\u0438\u0442\u0435\u043b\u0438&#187; font_container=&#187;tag:h3|text_align:center&#187; use_theme_fonts=&#187;yes&#187; el_class=&#187;section-column-title&#187;][vc_column_text el_class=&#187;section-column-description&#187;]\u0424\u0430\u0441\u0430\u0434\u043d\u044b\u0439 \u0446\u0435\u043d\u0442\u0440 \u043f\u043e\u043c\u043e\u0436\u0435\u0442 \u0412\u0430\u043c \u043f\u0440\u0438 \u043f\u043e\u0438\u0441\u043a\u0435 \u043d\u0443\u0436\u043d\u043e\u0433\u043e \u0441\u0442\u0440\u043e\u0438\u0442\u0435\u043b\u044f. \u041e\u0437\u043d\u0430\u043a\u043e\u043c\u044c\u0442\u0435\u0441\u044c\u00a0<a href=\"https:\/\/www.fassaadikeskus.ee\/ru\/%d0%bf%d0%b0%d1%80%d1%82%d0%bd%d1%91%d1%80%d1%8b\/%d1%81%d1%82%d1%80%d0%be%d0%b8%d1%82%d0%b5%d0%bb%d0%b8\/\">\u0437\u0434\u0435\u0441\u044c<\/a>, \u0441 \u043a\u0435\u043c \u043c\u044b \u0441\u043e\u0442\u0440\u0443\u0434\u043d\u0438\u0447\u0430\u0435\u043c[\/vc_column_text][\/vc_column][vc_column width=&#187;1\/4&#8243; css=&#187;.vc_custom_1525869028498{margin-bottom: 55px !important;}&#187;][vc_single_image image=&#187;81&#8243; alignment=&#187;center&#187; el_class=&#187;section-column-icon&#187;][vc_custom_heading text=&#187;\u041d\u0430\u0434\u0437\u043e\u0440 \u0441\u0442\u0440\u043e\u0438\u0442\u0435\u043b\u044c\u0441\u0442\u0432\u0430&#187; font_container=&#187;tag:h3|text_align:center&#187; use_theme_fonts=&#187;yes&#187; el_class=&#187;section-column-title&#187;][vc_column_text el_class=&#187;section-column-description&#187;]\u041f\u043e\u043c\u043e\u0436\u0435\u043c \u0412\u0430\u043c \u0441 \u043e\u0440\u0433\u0430\u043d\u0438\u0437\u0430\u0446\u0438\u0435\u0439 \u043d\u0430\u0434\u0437\u043e\u0440\u0430 \u0441\u0442\u0440\u043e\u0438\u0442\u0435\u043b\u044c\u0441\u0442\u0432\u0430.<br \/>\n\u0414\u043e\u043f\u043e\u043b\u043d\u0438\u0442\u0435\u043b\u044c\u043d\u043e \u0441\u043c\u043e\u0442\u0440\u0438\u0442\u0435\u00a0<a href=\"https:\/\/www.fassaadikeskus.ee\/ru\/%d0%bf%d0%b0%d1%80%d1%82%d0%bd%d1%91%d1%80%d1%8b\/%d0%bd%d0%b0%d0%b4%d0%b7%d0%be%d1%80-%d1%81%d1%82%d1%80%d0%be%d0%b8%d1%82%d0%b5%d0%bb%d1%8c%d1%81%d1%82%d0%b2%d0%b0\/\">\u0437\u0434\u0435\u0441\u044c<\/a>[\/vc_column_text][\/vc_column][vc_column width=&#187;1\/4&#8243; css=&#187;.vc_custom_1525869034682{margin-bottom: 55px !important;}&#187;][vc_single_image image=&#187;83&#8243; alignment=&#187;center&#187; el_class=&#187;section-column-icon&#187;][vc_custom_heading text=&#187;\u0414\u0438\u0441\u0442\u0440\u0438\u0431\u044c\u044e\u0442\u043e\u0440\u044b&#187; font_container=&#187;tag:h3|text_align:center&#187; use_theme_fonts=&#187;yes&#187; el_class=&#187;section-column-title&#187;][vc_column_text el_class=&#187;section-column-description&#187;]\u041e\u0437\u043d\u0430\u043a\u043e\u043c\u044c\u0442\u0435\u0441\u044c \u0441 \u043d\u0430\u0448\u0438\u043c\u0438 \u043f\u0430\u0440\u0442\u043d\u0451\u0440\u0430\u043c\u0438, \u043a\u043e\u0442\u043e\u0440\u044b\u0435 \u043f\u0435\u0440\u0435\u043f\u0440\u043e\u0434\u0430\u044e\u0442 \u043d\u0430\u0448\u0438 \u0438\u0437\u0434\u0435\u043b\u0438\u044f,\u00a0<a href=\"https:\/\/www.fassaadikeskus.ee\/ru\/%d0%bf%d0%b0%d1%80%d1%82%d0%bd%d1%91%d1%80%d1%8b\/%d0%b4%d0%b8%d1%81%d1%82%d1%80%d0%b8%d0%b1%d1%8c%d1%8e%d1%82%d0%be%d1%80%d1%8b\/\">\u0437\u0434\u0435\u0441\u044c<\/a>[\/vc_column_text][\/vc_column][vc_column width=&#187;1\/4&#8243; css=&#187;.vc_custom_1525869038668{margin-bottom: 55px !important;}&#187;][vc_single_image image=&#187;82&#8243; alignment=&#187;center&#187; el_class=&#187;section-column-icon&#187;][vc_custom_heading text=&#187;\u042d\u043d\u0435\u0440\u0433\u043e\u043c\u0430\u0440\u043a\u0438\u0440\u043e\u0432\u043a\u0430&#187; font_container=&#187;tag:h3|text_align:center&#187; use_theme_fonts=&#187;yes&#187; el_class=&#187;section-column-title&#187;][vc_column_text el_class=&#187;section-column-description&#187;]<a href=\"https:\/\/www.fassaadikeskus.ee\/ru\/%d1%8d%d0%bd%d0%b5%d1%80%d0%b3%d0%be%d0%bc%d0%b0%d1%80%d0%ba%d0%b8%d1%80%d0%be%d0%b2%d0%ba%d0%b0\/\">\u041f\u0440\u043e\u0447\u0442\u0438\u0442\u0435<\/a>, \u0447\u0442\u043e \u0442\u0430\u043a\u043e\u0435 \u044d\u043d\u0435\u0440\u0433\u043e\u043c\u0430\u0440\u043a\u0438\u0440\u043e\u0432\u043a\u0430, \u0438 \u043a\u0430\u043a \u043f\u043e\u043b\u0443\u0447\u0438\u0442\u044c \u043d\u0430\u0438\u043b\u0443\u0447\u0448\u0438\u0439 \u0440\u0435\u0437\u0443\u043b\u044c\u0442\u0430\u0442.[\/vc_column_text][\/vc_column][\/vc_row][vc_row content_placement=&#187;middle&#187; disable_element=&#187;yes&#187; el_class=&#187;section-logo-wrap&#187; css=&#187;.vc_custom_1528794359797{margin-top: 50px !important;}&#187;][vc_column width=&#187;1\/6&#8243;][vc_single_image image=&#187;92&#8243; img_size=&#187;full&#187; alignment=&#187;center&#187; el_class=&#187;section-logo&#187;][\/vc_column][vc_column width=&#187;1\/6&#8243;][vc_single_image image=&#187;92&#8243; img_size=&#187;full&#187; alignment=&#187;center&#187; el_class=&#187;section-logo&#187;][\/vc_column][vc_column width=&#187;1\/6&#8243;][vc_single_image image=&#187;92&#8243; img_size=&#187;full&#187; alignment=&#187;center&#187; el_class=&#187;section-logo&#187;][\/vc_column][vc_column width=&#187;1\/6&#8243;][vc_single_image image=&#187;92&#8243; img_size=&#187;full&#187; alignment=&#187;center&#187; el_class=&#187;section-logo&#187;][\/vc_column][vc_column width=&#187;1\/6&#8243;][vc_single_image image=&#187;92&#8243; img_size=&#187;full&#187; alignment=&#187;center&#187; el_class=&#187;section-logo&#187;][\/vc_column][vc_column width=&#187;1\/6&#8243;][vc_single_image image=&#187;92&#8243; img_size=&#187;full&#187; alignment=&#187;center&#187; el_class=&#187;section-logo&#187;][\/vc_column][\/vc_row]\n","protected":false},"excerpt":{"rendered":"<p>[vc_row el_class=&#187;home-page-slider&#187;][vc_column][rev_slider_vc alias=&#187;esileht&#187;][\/vc_column][\/vc_row][vc_row][vc_column css=&#187;.vc_custom_1526041946392{padding-top: 60px !important;padding-bottom: 50px !important;}&#187;][vc_custom_heading text=&#187;\u041d\u0435\u043a\u043e\u0442\u043e\u0440\u044b\u0435 \u043c\u0430\u0442\u0435\u0440\u0438\u0430\u043b\u044b, \u043a\u043e\u0442\u043e\u0440\u044b\u0435 \u043c\u044b \u043f\u0440\u043e\u0434\u0430\u0451\u043c&#187; font_container=&#187;tag:h3|text_align:center&#187; use_theme_fonts=&#187;yes&#187; el_class=&#187;section-title&#187;][\/vc_column][\/vc_row][vc_row][vc_column][\/vc_column][\/vc_row][vc_row css=&#187;.vc_custom_1526042151367{padding-top: 15px !important;padding-bottom: 65px !important;}&#187;][vc_column][vc_column_text el_class=&#187;view-more-products&#187;]\u0421\u043c\u043e\u0442\u0440\u0438\u0442\u0435 \u0435\u0449\u0451 \u0438\u0437\u0434\u0435\u043b\u0438\u044f[\/vc_column_text][\/vc_column][\/vc_row][vc_row el_class=&#187;section-border-top&#187;][vc_column css=&#187;.vc_custom_1525863411171{padding-top: 60px !important;padding-bottom: 60px !important;}&#187;][vc_custom_heading text=&#187;\u0424\u0430\u0441\u0430\u0434\u043d\u044b\u0439 \u0446\u0435\u043d\u0442\u0440 \u043f\u043e\u043c\u043e\u0436\u0435\u0442 \u0412\u0430\u043c \u0432\u043e \u0432\u0441\u0435\u0445 \u0432\u043e\u043f\u0440\u043e\u0441\u0430\u0445!&#187; font_container=&#187;tag:h3|text_align:center&#187; use_theme_fonts=&#187;yes&#187; el_class=&#187;section-title&#187;][\/vc_column][\/vc_row][vc_row eq_height=&#187;yes&#187;][vc_column width=&#187;1\/4&#8243; css=&#187;.vc_custom_1525869024115{margin-bottom: 55px !important;}&#187;][vc_single_image image=&#187;84&#8243; alignment=&#187;center&#187; el_class=&#187;section-column-icon&#187;][vc_custom_heading text=&#187;\u0421\u0442\u0440\u043e\u0438\u0442\u0435\u043b\u0438&#187; font_container=&#187;tag:h3|text_align:center&#187; use_theme_fonts=&#187;yes&#187; el_class=&#187;section-column-title&#187;][vc_column_text el_class=&#187;section-column-description&#187;]\u0424\u0430\u0441\u0430\u0434\u043d\u044b\u0439 \u0446\u0435\u043d\u0442\u0440 \u043f\u043e\u043c\u043e\u0436\u0435\u0442&#8230;<\/p>\n","protected":false},"author":1,"featured_media":0,"parent":0,"menu_order":0,"comment_status":"closed","ping_status":"closed","template":"page-full.php","meta":{"_acf_changed":false,"_monsterinsights_skip_tracking":false,"_monsterinsights_sitenote_active":false,"_monsterinsights_sitenote_note":"","_monsterinsights_sitenote_category":0,"footnotes":""},"class_list":["post-1070","page","type-page","status-publish","hentry"],"acf":[],"yoast_head":"<!-- This site is optimized with the Yoast SEO plugin v24.3 - https:\/\/yoast.com\/wordpress\/plugins\/seo\/ -->\n<title>\u0413\u043b\u0430\u0432\u043d\u0430\u044f | Fassaadikeskus - t\u00e4iuslikud fassaadilahendused otsast-l\u00f5puni!<\/title>\n<meta name=\"description\" content=\"Fassaadikeskus aitab teid maja v\u00f5i korteri fassaadi tegemisel! Pakume professionaalset t\u00e4isteenust otsast-l\u00f5puni! Loe lisa ning v\u00f5ta \u00fchendust meie kodulehelt vajutades siia!\" \/>\n<meta name=\"robots\" content=\"index, follow, max-snippet:-1, max-image-preview:large, max-video-preview:-1\" \/>\n<link rel=\"canonical\" href=\"https:\/\/www.fassaadikeskus.ee\/ru\/\" \/>\n<meta property=\"og:locale\" content=\"ru_RU\" \/>\n<meta property=\"og:type\" content=\"article\" \/>\n<meta property=\"og:title\" content=\"\u0413\u043b\u0430\u0432\u043d\u0430\u044f | Fassaadikeskus - t\u00e4iuslikud fassaadilahendused otsast-l\u00f5puni!\" \/>\n<meta property=\"og:description\" content=\"Fassaadikeskus aitab teid maja v\u00f5i korteri fassaadi tegemisel! Pakume professionaalset t\u00e4isteenust otsast-l\u00f5puni! Loe lisa ning v\u00f5ta \u00fchendust meie kodulehelt vajutades siia!\" \/>\n<meta property=\"og:url\" content=\"https:\/\/www.fassaadikeskus.ee\/ru\/\" \/>\n<meta property=\"og:site_name\" content=\"Fassaadikeskus - t\u00e4iuslikud fassaadilahendused otsast-l\u00f5puni!\" \/>\n<meta property=\"article:modified_time\" content=\"2021-05-05T22:06:44+00:00\" \/>\n<meta name=\"twitter:card\" content=\"summary_large_image\" \/>\n<meta name=\"twitter:label1\" content=\"\u041f\u0440\u0438\u043c\u0435\u0440\u043d\u043e\u0435 \u0432\u0440\u0435\u043c\u044f \u0434\u043b\u044f \u0447\u0442\u0435\u043d\u0438\u044f\" \/>\n\t<meta name=\"twitter:data1\" content=\"1 \u043c\u0438\u043d\u0443\u0442\u0430\" \/>\n<script type=\"application\/ld+json\" class=\"yoast-schema-graph\">{\"@context\":\"https:\/\/schema.org\",\"@graph\":[{\"@type\":\"WebPage\",\"@id\":\"https:\/\/www.fassaadikeskus.ee\/ru\/\",\"url\":\"https:\/\/www.fassaadikeskus.ee\/ru\/\",\"name\":\"\u0413\u043b\u0430\u0432\u043d\u0430\u044f | Fassaadikeskus - t\u00e4iuslikud fassaadilahendused otsast-l\u00f5puni!\",\"isPartOf\":{\"@id\":\"https:\/\/www.fassaadikeskus.ee\/#website\"},\"datePublished\":\"2018-10-25T20:17:39+00:00\",\"dateModified\":\"2021-05-05T22:06:44+00:00\",\"description\":\"Fassaadikeskus aitab teid maja v\u00f5i korteri fassaadi tegemisel! Pakume professionaalset t\u00e4isteenust otsast-l\u00f5puni! Loe lisa ning v\u00f5ta \u00fchendust meie kodulehelt vajutades siia!\",\"breadcrumb\":{\"@id\":\"https:\/\/www.fassaadikeskus.ee\/ru\/#breadcrumb\"},\"inLanguage\":\"ru-RU\",\"potentialAction\":[{\"@type\":\"ReadAction\",\"target\":[\"https:\/\/www.fassaadikeskus.ee\/ru\/\"]}]},{\"@type\":\"BreadcrumbList\",\"@id\":\"https:\/\/www.fassaadikeskus.ee\/ru\/#breadcrumb\",\"itemListElement\":[{\"@type\":\"ListItem\",\"position\":1,\"name\":\"Home\",\"item\":\"https:\/\/www.fassaadikeskus.ee\/ru\/\"},{\"@type\":\"ListItem\",\"position\":2,\"name\":\"\u0413\u043b\u0430\u0432\u043d\u0430\u044f\"}]},{\"@type\":\"WebSite\",\"@id\":\"https:\/\/www.fassaadikeskus.ee\/#website\",\"url\":\"https:\/\/www.fassaadikeskus.ee\/\",\"name\":\"Fassaadikeskus - t\u00e4iuslikud fassaadilahendused otsast-l\u00f5puni!\",\"description\":\"Fassaadikeskus\",\"potentialAction\":[{\"@type\":\"SearchAction\",\"target\":{\"@type\":\"EntryPoint\",\"urlTemplate\":\"https:\/\/www.fassaadikeskus.ee\/?s={search_term_string}\"},\"query-input\":{\"@type\":\"PropertyValueSpecification\",\"valueRequired\":true,\"valueName\":\"search_term_string\"}}],\"inLanguage\":\"ru-RU\"}]}<\/script>\n<!-- \/ Yoast SEO plugin. -->","yoast_head_json":{"title":"\u0413\u043b\u0430\u0432\u043d\u0430\u044f | Fassaadikeskus - t\u00e4iuslikud fassaadilahendused otsast-l\u00f5puni!","description":"Fassaadikeskus aitab teid maja v\u00f5i korteri fassaadi tegemisel! Pakume professionaalset t\u00e4isteenust otsast-l\u00f5puni! Loe lisa ning v\u00f5ta \u00fchendust meie kodulehelt vajutades siia!","robots":{"index":"index","follow":"follow","max-snippet":"max-snippet:-1","max-image-preview":"max-image-preview:large","max-video-preview":"max-video-preview:-1"},"canonical":"https:\/\/www.fassaadikeskus.ee\/ru\/","og_locale":"ru_RU","og_type":"article","og_title":"\u0413\u043b\u0430\u0432\u043d\u0430\u044f | Fassaadikeskus - t\u00e4iuslikud fassaadilahendused otsast-l\u00f5puni!","og_description":"Fassaadikeskus aitab teid maja v\u00f5i korteri fassaadi tegemisel! Pakume professionaalset t\u00e4isteenust otsast-l\u00f5puni! Loe lisa ning v\u00f5ta \u00fchendust meie kodulehelt vajutades siia!","og_url":"https:\/\/www.fassaadikeskus.ee\/ru\/","og_site_name":"Fassaadikeskus - t\u00e4iuslikud fassaadilahendused otsast-l\u00f5puni!","article_modified_time":"2021-05-05T22:06:44+00:00","twitter_card":"summary_large_image","twitter_misc":{"\u041f\u0440\u0438\u043c\u0435\u0440\u043d\u043e\u0435 \u0432\u0440\u0435\u043c\u044f \u0434\u043b\u044f \u0447\u0442\u0435\u043d\u0438\u044f":"1 \u043c\u0438\u043d\u0443\u0442\u0430"},"schema":{"@context":"https:\/\/schema.org","@graph":[{"@type":"WebPage","@id":"https:\/\/www.fassaadikeskus.ee\/ru\/","url":"https:\/\/www.fassaadikeskus.ee\/ru\/","name":"\u0413\u043b\u0430\u0432\u043d\u0430\u044f | Fassaadikeskus - t\u00e4iuslikud fassaadilahendused otsast-l\u00f5puni!","isPartOf":{"@id":"https:\/\/www.fassaadikeskus.ee\/#website"},"datePublished":"2018-10-25T20:17:39+00:00","dateModified":"2021-05-05T22:06:44+00:00","description":"Fassaadikeskus aitab teid maja v\u00f5i korteri fassaadi tegemisel! Pakume professionaalset t\u00e4isteenust otsast-l\u00f5puni! Loe lisa ning v\u00f5ta \u00fchendust meie kodulehelt vajutades siia!","breadcrumb":{"@id":"https:\/\/www.fassaadikeskus.ee\/ru\/#breadcrumb"},"inLanguage":"ru-RU","potentialAction":[{"@type":"ReadAction","target":["https:\/\/www.fassaadikeskus.ee\/ru\/"]}]},{"@type":"BreadcrumbList","@id":"https:\/\/www.fassaadikeskus.ee\/ru\/#breadcrumb","itemListElement":[{"@type":"ListItem","position":1,"name":"Home","item":"https:\/\/www.fassaadikeskus.ee\/ru\/"},{"@type":"ListItem","position":2,"name":"\u0413\u043b\u0430\u0432\u043d\u0430\u044f"}]},{"@type":"WebSite","@id":"https:\/\/www.fassaadikeskus.ee\/#website","url":"https:\/\/www.fassaadikeskus.ee\/","name":"Fassaadikeskus - t\u00e4iuslikud fassaadilahendused otsast-l\u00f5puni!","description":"Fassaadikeskus","potentialAction":[{"@type":"SearchAction","target":{"@type":"EntryPoint","urlTemplate":"https:\/\/www.fassaadikeskus.ee\/?s={search_term_string}"},"query-input":{"@type":"PropertyValueSpecification","valueRequired":true,"valueName":"search_term_string"}}],"inLanguage":"ru-RU"}]}},"_links":{"self":[{"href":"https:\/\/www.fassaadikeskus.ee\/ru\/wp-json\/wp\/v2\/pages\/1070","targetHints":{"allow":["GET"]}}],"collection":[{"href":"https:\/\/www.fassaadikeskus.ee\/ru\/wp-json\/wp\/v2\/pages"}],"about":[{"href":"https:\/\/www.fassaadikeskus.ee\/ru\/wp-json\/wp\/v2\/types\/page"}],"author":[{"embeddable":true,"href":"https:\/\/www.fassaadikeskus.ee\/ru\/wp-json\/wp\/v2\/users\/1"}],"replies":[{"embeddable":true,"href":"https:\/\/www.fassaadikeskus.ee\/ru\/wp-json\/wp\/v2\/comments?post=1070"}],"version-history":[{"count":3,"href":"https:\/\/www.fassaadikeskus.ee\/ru\/wp-json\/wp\/v2\/pages\/1070\/revisions"}],"predecessor-version":[{"id":2296,"href":"https:\/\/www.fassaadikeskus.ee\/ru\/wp-json\/wp\/v2\/pages\/1070\/revisions\/2296"}],"wp:attachment":[{"href":"https:\/\/www.fassaadikeskus.ee\/ru\/wp-json\/wp\/v2\/media?parent=1070"}],"curies":[{"name":"wp","href":"https:\/\/api.w.org\/{rel}","templated":true}]}}