{"id":909,"date":"2018-10-25T22:14:35","date_gmt":"2018-10-25T19:14:35","guid":{"rendered":"https:\/\/www.fassaadikeskus.ee\/?page_id=909"},"modified":"2018-10-25T22:14:35","modified_gmt":"2018-10-25T19:14:35","slug":"%d0%be%d1%81%d0%be%d0%b1%d0%bd%d1%8f%d0%ba%d0%b8","status":"publish","type":"page","link":"https:\/\/www.fassaadikeskus.ee\/ru\/%d0%b2%d1%8b%d0%bf%d0%be%d0%bb%d0%bd%d0%b5%d0%bd%d0%bd%d1%8b%d0%b5-%d1%80%d0%b0%d0%b1%d0%be%d1%82%d1%8b\/%d0%be%d1%81%d0%be%d0%b1%d0%bd%d1%8f%d0%ba%d0%b8\/","title":{"rendered":"\u041e\u0441\u043e\u0431\u043d\u044f\u043a\u0438"},"content":{"rendered":"[vc_row][vc_column][vc_column_text el_class=&#187;content-description&#187;]\n<p style=\"text-align: center;\">\u0417\u0430 \u0434\u043e\u043b\u0433\u0438\u0435 \u0433\u043e\u0434\u044b \u0434\u0435\u044f\u0442\u0435\u043b\u044c\u043d\u043e\u0441\u0442\u0438 \u043c\u044b \u043f\u0440\u043e\u0432\u0435\u043b\u0438 \u0431\u043e\u043b\u044c\u0448\u043e\u0435 \u043a\u043e\u043b\u0438\u0447\u0435\u0441\u0442\u0432\u043e \u0444\u0430\u0441\u0430\u0434\u043d\u044b\u0445 \u0440\u0430\u0431\u043e\u0442 \u0432 \u043e\u0441\u043e\u0431\u043d\u044f\u043a\u0430\u0445. \u041f\u0435\u0440\u0435\u0434 \u0412\u0430\u043c\u0438 \u2013 \u043d\u0435\u043a\u043e\u0442\u043e\u0440\u044b\u0435 \u0444\u043e\u0442\u043e\u0433\u0440\u0430\u0444\u0438\u0438 \u0432\u044b\u043f\u043e\u043b\u043d\u0435\u043d\u043d\u044b\u0445 \u043d\u0430\u043c\u0438 \u0440\u0430\u0431\u043e\u0442.<\/p>\n[\/vc_column_text][\/vc_column][\/vc_row][vc_row][vc_column][vc_media_grid element_width=&#187;3&#8243; gap=&#187;15&#8243; item=&#187;masonryMedia_Default&#187; grid_id=&#187;vc_gid:1540494825548-5a079294-a18d-9&#8243; include=&#187;526,528,529&#8243;][\/vc_column][\/vc_row]\n","protected":false},"excerpt":{"rendered":"<p>[vc_row][vc_column][vc_column_text el_class=&#187;content-description&#187;] \u0417\u0430 \u0434\u043e\u043b\u0433\u0438\u0435 \u0433\u043e\u0434\u044b \u0434\u0435\u044f\u0442\u0435\u043b\u044c\u043d\u043e\u0441\u0442\u0438 \u043c\u044b \u043f\u0440\u043e\u0432\u0435\u043b\u0438 \u0431\u043e\u043b\u044c\u0448\u043e\u0435 \u043a\u043e\u043b\u0438\u0447\u0435\u0441\u0442\u0432\u043e \u0444\u0430\u0441\u0430\u0434\u043d\u044b\u0445 \u0440\u0430\u0431\u043e\u0442 \u0432 \u043e\u0441\u043e\u0431\u043d\u044f\u043a\u0430\u0445. \u041f\u0435\u0440\u0435\u0434 \u0412\u0430\u043c\u0438 \u2013 \u043d\u0435\u043a\u043e\u0442\u043e\u0440\u044b\u0435 \u0444\u043e\u0442\u043e\u0433\u0440\u0430\u0444\u0438\u0438 \u0432\u044b\u043f\u043e\u043b\u043d\u0435\u043d\u043d\u044b\u0445 \u043d\u0430\u043c\u0438 \u0440\u0430\u0431\u043e\u0442. [\/vc_column_text][\/vc_column][\/vc_row][vc_row][vc_column][vc_media_grid element_width=&#187;3&#8243; gap=&#187;15&#8243; item=&#187;masonryMedia_Default&#187; grid_id=&#187;vc_gid:1540494825548-5a079294-a18d-9&#8243; include=&#187;526,528,529&#8243;][\/vc_column][\/vc_row]<\/p>\n","protected":false},"author":1,"featured_media":0,"parent":896,"menu_order":0,"comment_status":"closed","ping_status":"closed","template":"page-sub-full.php","meta":{"_acf_changed":false,"_monsterinsights_skip_tracking":false,"_monsterinsights_sitenote_active":false,"_monsterinsights_sitenote_note":"","_monsterinsights_sitenote_category":0,"footnotes":""},"class_list":["post-909","page","type-page","status-publish","hentry"],"acf":[],"yoast_head":"<!-- This site is optimized with the Yoast SEO plugin v24.3 - https:\/\/yoast.com\/wordpress\/plugins\/seo\/ -->\n<title>\u041e\u0441\u043e\u0431\u043d\u044f\u043a\u0438 | Fassaadikeskus - t\u00e4iuslikud fassaadilahendused otsast-l\u00f5puni!<\/title>\n<meta name=\"description\" content=\"Fassaadikeskus aitab teid maja v\u00f5i korteri fassaadi tegemisel! Pakume professionaalset t\u00e4isteenust otsast-l\u00f5puni! Loe lisa ning v\u00f5ta \u00fchendust meie kodulehelt vajutades siia!\" \/>\n<meta name=\"robots\" content=\"index, follow, max-snippet:-1, max-image-preview:large, max-video-preview:-1\" \/>\n<link rel=\"canonical\" href=\"https:\/\/www.fassaadikeskus.ee\/ru\/\u0432\u044b\u043f\u043e\u043b\u043d\u0435\u043d\u043d\u044b\u0435-\u0440\u0430\u0431\u043e\u0442\u044b\/\u043e\u0441\u043e\u0431\u043d\u044f\u043a\u0438\/\" \/>\n<meta property=\"og:locale\" content=\"ru_RU\" \/>\n<meta property=\"og:type\" content=\"article\" \/>\n<meta property=\"og:title\" content=\"\u041e\u0441\u043e\u0431\u043d\u044f\u043a\u0438 | Fassaadikeskus - t\u00e4iuslikud fassaadilahendused otsast-l\u00f5puni!\" \/>\n<meta property=\"og:description\" content=\"Fassaadikeskus aitab teid maja v\u00f5i korteri fassaadi tegemisel! Pakume professionaalset t\u00e4isteenust otsast-l\u00f5puni! Loe lisa ning v\u00f5ta \u00fchendust meie kodulehelt vajutades siia!\" \/>\n<meta property=\"og:url\" content=\"https:\/\/www.fassaadikeskus.ee\/ru\/\u0432\u044b\u043f\u043e\u043b\u043d\u0435\u043d\u043d\u044b\u0435-\u0440\u0430\u0431\u043e\u0442\u044b\/\u043e\u0441\u043e\u0431\u043d\u044f\u043a\u0438\/\" \/>\n<meta property=\"og:site_name\" content=\"Fassaadikeskus - t\u00e4iuslikud fassaadilahendused otsast-l\u00f5puni!\" \/>\n<meta name=\"twitter:card\" content=\"summary_large_image\" \/>\n<script type=\"application\/ld+json\" class=\"yoast-schema-graph\">{\"@context\":\"https:\/\/schema.org\",\"@graph\":[{\"@type\":\"WebPage\",\"@id\":\"https:\/\/www.fassaadikeskus.ee\/ru\/%d0%b2%d1%8b%d0%bf%d0%be%d0%bb%d0%bd%d0%b5%d0%bd%d0%bd%d1%8b%d0%b5-%d1%80%d0%b0%d0%b1%d0%be%d1%82%d1%8b\/%d0%be%d1%81%d0%be%d0%b1%d0%bd%d1%8f%d0%ba%d0%b8\/\",\"url\":\"https:\/\/www.fassaadikeskus.ee\/ru\/%d0%b2%d1%8b%d0%bf%d0%be%d0%bb%d0%bd%d0%b5%d0%bd%d0%bd%d1%8b%d0%b5-%d1%80%d0%b0%d0%b1%d0%be%d1%82%d1%8b\/%d0%be%d1%81%d0%be%d0%b1%d0%bd%d1%8f%d0%ba%d0%b8\/\",\"name\":\"\u041e\u0441\u043e\u0431\u043d\u044f\u043a\u0438 | Fassaadikeskus - t\u00e4iuslikud fassaadilahendused otsast-l\u00f5puni!\",\"isPartOf\":{\"@id\":\"https:\/\/www.fassaadikeskus.ee\/#website\"},\"datePublished\":\"2018-10-25T19:14:35+00:00\",\"dateModified\":\"2018-10-25T19:14:35+00:00\",\"description\":\"Fassaadikeskus aitab teid maja v\u00f5i korteri fassaadi tegemisel! Pakume professionaalset t\u00e4isteenust otsast-l\u00f5puni! Loe lisa ning v\u00f5ta \u00fchendust meie kodulehelt vajutades siia!\",\"breadcrumb\":{\"@id\":\"https:\/\/www.fassaadikeskus.ee\/ru\/%d0%b2%d1%8b%d0%bf%d0%be%d0%bb%d0%bd%d0%b5%d0%bd%d0%bd%d1%8b%d0%b5-%d1%80%d0%b0%d0%b1%d0%be%d1%82%d1%8b\/%d0%be%d1%81%d0%be%d0%b1%d0%bd%d1%8f%d0%ba%d0%b8\/#breadcrumb\"},\"inLanguage\":\"ru-RU\",\"potentialAction\":[{\"@type\":\"ReadAction\",\"target\":[\"https:\/\/www.fassaadikeskus.ee\/ru\/%d0%b2%d1%8b%d0%bf%d0%be%d0%bb%d0%bd%d0%b5%d0%bd%d0%bd%d1%8b%d0%b5-%d1%80%d0%b0%d0%b1%d0%be%d1%82%d1%8b\/%d0%be%d1%81%d0%be%d0%b1%d0%bd%d1%8f%d0%ba%d0%b8\/\"]}]},{\"@type\":\"BreadcrumbList\",\"@id\":\"https:\/\/www.fassaadikeskus.ee\/ru\/%d0%b2%d1%8b%d0%bf%d0%be%d0%bb%d0%bd%d0%b5%d0%bd%d0%bd%d1%8b%d0%b5-%d1%80%d0%b0%d0%b1%d0%be%d1%82%d1%8b\/%d0%be%d1%81%d0%be%d0%b1%d0%bd%d1%8f%d0%ba%d0%b8\/#breadcrumb\",\"itemListElement\":[{\"@type\":\"ListItem\",\"position\":1,\"name\":\"Home\",\"item\":\"https:\/\/www.fassaadikeskus.ee\/ru\/\"},{\"@type\":\"ListItem\",\"position\":2,\"name\":\"\u0412\u044b\u043f\u043e\u043b\u043d\u0435\u043d\u043d\u044b\u0435 \u0440\u0430\u0431\u043e\u0442\u044b\",\"item\":\"https:\/\/www.fassaadikeskus.ee\/ru\/%d0%b2%d1%8b%d0%bf%d0%be%d0%bb%d0%bd%d0%b5%d0%bd%d0%bd%d1%8b%d0%b5-%d1%80%d0%b0%d0%b1%d0%be%d1%82%d1%8b\/\"},{\"@type\":\"ListItem\",\"position\":3,\"name\":\"\u041e\u0441\u043e\u0431\u043d\u044f\u043a\u0438\"}]},{\"@type\":\"WebSite\",\"@id\":\"https:\/\/www.fassaadikeskus.ee\/#website\",\"url\":\"https:\/\/www.fassaadikeskus.ee\/\",\"name\":\"Fassaadikeskus - t\u00e4iuslikud fassaadilahendused otsast-l\u00f5puni!\",\"description\":\"Fassaadikeskus\",\"potentialAction\":[{\"@type\":\"SearchAction\",\"target\":{\"@type\":\"EntryPoint\",\"urlTemplate\":\"https:\/\/www.fassaadikeskus.ee\/?s={search_term_string}\"},\"query-input\":{\"@type\":\"PropertyValueSpecification\",\"valueRequired\":true,\"valueName\":\"search_term_string\"}}],\"inLanguage\":\"ru-RU\"}]}<\/script>\n<!-- \/ Yoast SEO plugin. -->","yoast_head_json":{"title":"\u041e\u0441\u043e\u0431\u043d\u044f\u043a\u0438 | Fassaadikeskus - t\u00e4iuslikud fassaadilahendused otsast-l\u00f5puni!","description":"Fassaadikeskus aitab teid maja v\u00f5i korteri fassaadi tegemisel! Pakume professionaalset t\u00e4isteenust otsast-l\u00f5puni! Loe lisa ning v\u00f5ta \u00fchendust meie kodulehelt vajutades siia!","robots":{"index":"index","follow":"follow","max-snippet":"max-snippet:-1","max-image-preview":"max-image-preview:large","max-video-preview":"max-video-preview:-1"},"canonical":"https:\/\/www.fassaadikeskus.ee\/ru\/\u0432\u044b\u043f\u043e\u043b\u043d\u0435\u043d\u043d\u044b\u0435-\u0440\u0430\u0431\u043e\u0442\u044b\/\u043e\u0441\u043e\u0431\u043d\u044f\u043a\u0438\/","og_locale":"ru_RU","og_type":"article","og_title":"\u041e\u0441\u043e\u0431\u043d\u044f\u043a\u0438 | Fassaadikeskus - t\u00e4iuslikud fassaadilahendused otsast-l\u00f5puni!","og_description":"Fassaadikeskus aitab teid maja v\u00f5i korteri fassaadi tegemisel! Pakume professionaalset t\u00e4isteenust otsast-l\u00f5puni! Loe lisa ning v\u00f5ta \u00fchendust meie kodulehelt vajutades siia!","og_url":"https:\/\/www.fassaadikeskus.ee\/ru\/\u0432\u044b\u043f\u043e\u043b\u043d\u0435\u043d\u043d\u044b\u0435-\u0440\u0430\u0431\u043e\u0442\u044b\/\u043e\u0441\u043e\u0431\u043d\u044f\u043a\u0438\/","og_site_name":"Fassaadikeskus - t\u00e4iuslikud fassaadilahendused otsast-l\u00f5puni!","twitter_card":"summary_large_image","schema":{"@context":"https:\/\/schema.org","@graph":[{"@type":"WebPage","@id":"https:\/\/www.fassaadikeskus.ee\/ru\/%d0%b2%d1%8b%d0%bf%d0%be%d0%bb%d0%bd%d0%b5%d0%bd%d0%bd%d1%8b%d0%b5-%d1%80%d0%b0%d0%b1%d0%be%d1%82%d1%8b\/%d0%be%d1%81%d0%be%d0%b1%d0%bd%d1%8f%d0%ba%d0%b8\/","url":"https:\/\/www.fassaadikeskus.ee\/ru\/%d0%b2%d1%8b%d0%bf%d0%be%d0%bb%d0%bd%d0%b5%d0%bd%d0%bd%d1%8b%d0%b5-%d1%80%d0%b0%d0%b1%d0%be%d1%82%d1%8b\/%d0%be%d1%81%d0%be%d0%b1%d0%bd%d1%8f%d0%ba%d0%b8\/","name":"\u041e\u0441\u043e\u0431\u043d\u044f\u043a\u0438 | Fassaadikeskus - t\u00e4iuslikud fassaadilahendused otsast-l\u00f5puni!","isPartOf":{"@id":"https:\/\/www.fassaadikeskus.ee\/#website"},"datePublished":"2018-10-25T19:14:35+00:00","dateModified":"2018-10-25T19:14:35+00:00","description":"Fassaadikeskus aitab teid maja v\u00f5i korteri fassaadi tegemisel! Pakume professionaalset t\u00e4isteenust otsast-l\u00f5puni! Loe lisa ning v\u00f5ta \u00fchendust meie kodulehelt vajutades siia!","breadcrumb":{"@id":"https:\/\/www.fassaadikeskus.ee\/ru\/%d0%b2%d1%8b%d0%bf%d0%be%d0%bb%d0%bd%d0%b5%d0%bd%d0%bd%d1%8b%d0%b5-%d1%80%d0%b0%d0%b1%d0%be%d1%82%d1%8b\/%d0%be%d1%81%d0%be%d0%b1%d0%bd%d1%8f%d0%ba%d0%b8\/#breadcrumb"},"inLanguage":"ru-RU","potentialAction":[{"@type":"ReadAction","target":["https:\/\/www.fassaadikeskus.ee\/ru\/%d0%b2%d1%8b%d0%bf%d0%be%d0%bb%d0%bd%d0%b5%d0%bd%d0%bd%d1%8b%d0%b5-%d1%80%d0%b0%d0%b1%d0%be%d1%82%d1%8b\/%d0%be%d1%81%d0%be%d0%b1%d0%bd%d1%8f%d0%ba%d0%b8\/"]}]},{"@type":"BreadcrumbList","@id":"https:\/\/www.fassaadikeskus.ee\/ru\/%d0%b2%d1%8b%d0%bf%d0%be%d0%bb%d0%bd%d0%b5%d0%bd%d0%bd%d1%8b%d0%b5-%d1%80%d0%b0%d0%b1%d0%be%d1%82%d1%8b\/%d0%be%d1%81%d0%be%d0%b1%d0%bd%d1%8f%d0%ba%d0%b8\/#breadcrumb","itemListElement":[{"@type":"ListItem","position":1,"name":"Home","item":"https:\/\/www.fassaadikeskus.ee\/ru\/"},{"@type":"ListItem","position":2,"name":"\u0412\u044b\u043f\u043e\u043b\u043d\u0435\u043d\u043d\u044b\u0435 \u0440\u0430\u0431\u043e\u0442\u044b","item":"https:\/\/www.fassaadikeskus.ee\/ru\/%d0%b2%d1%8b%d0%bf%d0%be%d0%bb%d0%bd%d0%b5%d0%bd%d0%bd%d1%8b%d0%b5-%d1%80%d0%b0%d0%b1%d0%be%d1%82%d1%8b\/"},{"@type":"ListItem","position":3,"name":"\u041e\u0441\u043e\u0431\u043d\u044f\u043a\u0438"}]},{"@type":"WebSite","@id":"https:\/\/www.fassaadikeskus.ee\/#website","url":"https:\/\/www.fassaadikeskus.ee\/","name":"Fassaadikeskus - t\u00e4iuslikud fassaadilahendused otsast-l\u00f5puni!","description":"Fassaadikeskus","potentialAction":[{"@type":"SearchAction","target":{"@type":"EntryPoint","urlTemplate":"https:\/\/www.fassaadikeskus.ee\/?s={search_term_string}"},"query-input":{"@type":"PropertyValueSpecification","valueRequired":true,"valueName":"search_term_string"}}],"inLanguage":"ru-RU"}]}},"_links":{"self":[{"href":"https:\/\/www.fassaadikeskus.ee\/ru\/wp-json\/wp\/v2\/pages\/909","targetHints":{"allow":["GET"]}}],"collection":[{"href":"https:\/\/www.fassaadikeskus.ee\/ru\/wp-json\/wp\/v2\/pages"}],"about":[{"href":"https:\/\/www.fassaadikeskus.ee\/ru\/wp-json\/wp\/v2\/types\/page"}],"author":[{"embeddable":true,"href":"https:\/\/www.fassaadikeskus.ee\/ru\/wp-json\/wp\/v2\/users\/1"}],"replies":[{"embeddable":true,"href":"https:\/\/www.fassaadikeskus.ee\/ru\/wp-json\/wp\/v2\/comments?post=909"}],"version-history":[{"count":1,"href":"https:\/\/www.fassaadikeskus.ee\/ru\/wp-json\/wp\/v2\/pages\/909\/revisions"}],"predecessor-version":[{"id":910,"href":"https:\/\/www.fassaadikeskus.ee\/ru\/wp-json\/wp\/v2\/pages\/909\/revisions\/910"}],"up":[{"embeddable":true,"href":"https:\/\/www.fassaadikeskus.ee\/ru\/wp-json\/wp\/v2\/pages\/896"}],"wp:attachment":[{"href":"https:\/\/www.fassaadikeskus.ee\/ru\/wp-json\/wp\/v2\/media?parent=909"}],"curies":[{"name":"wp","href":"https:\/\/api.w.org\/{rel}","templated":true}]}}