{"id":963,"date":"2018-10-25T22:39:12","date_gmt":"2018-10-25T19:39:12","guid":{"rendered":"https:\/\/www.fassaadikeskus.ee\/?page_id=963"},"modified":"2018-10-25T22:39:12","modified_gmt":"2018-10-25T19:39:12","slug":"%d1%81%d1%82%d1%80%d0%be%d0%b8%d1%82%d0%b5%d0%bb%d0%b8","status":"publish","type":"page","link":"https:\/\/www.fassaadikeskus.ee\/ru\/%d0%bf%d0%b0%d1%80%d1%82%d0%bd%d1%91%d1%80%d1%8b\/%d1%81%d1%82%d1%80%d0%be%d0%b8%d1%82%d0%b5%d0%bb%d0%b8\/","title":{"rendered":"\u0421\u0442\u0440\u043e\u0438\u0442\u0435\u043b\u0438"},"content":{"rendered":"[vc_row eq_height=&#187;yes&#187;][vc_column width=&#187;1\/6&#8243; css=&#187;.vc_custom_1526295099756{margin-bottom: 35px !important;}&#187;][vc_column_text el_class=&#187;company-name&#187;]Aaviku Fassaadid[\/vc_column_text][vc_column_text el_class=&#187;company-site&#187;]<a href=\"http:\/\/www.aaviku.ee\">www.aaviku.ee<\/a>[\/vc_column_text][\/vc_column][vc_column width=&#187;1\/6&#8243; css=&#187;.vc_custom_1526295104244{margin-bottom: 35px !important;}&#187;][vc_column_text el_class=&#187;company-name&#187;]Dld Partner[\/vc_column_text][\/vc_column][vc_column width=&#187;1\/6&#8243; css=&#187;.vc_custom_1526295109757{margin-bottom: 35px !important;}&#187;][vc_column_text el_class=&#187;company-name&#187;]Estfas[\/vc_column_text][\/vc_column][vc_column width=&#187;1\/6&#8243; css=&#187;.vc_custom_1526295114484{margin-bottom: 35px !important;}&#187;][vc_column_text el_class=&#187;company-name&#187;]Fastfassaad[\/vc_column_text][vc_column_text el_class=&#187;company-site&#187;]<a href=\"http:\/\/www.fastfassaad.ee\">www.fastfassaad.ee<\/a>[\/vc_column_text][\/vc_column][vc_column width=&#187;1\/6&#8243; css=&#187;.vc_custom_1526295118371{margin-bottom: 35px !important;}&#187;][vc_column_text el_class=&#187;company-name&#187;]Baustelle[\/vc_column_text][\/vc_column][vc_column width=&#187;1\/6&#8243; css=&#187;.vc_custom_1526295122692{margin-bottom: 35px !important;}&#187;][vc_column_text el_class=&#187;company-name&#187;]Finest Purku[\/vc_column_text][\/vc_column][\/vc_row][vc_row eq_height=&#187;yes&#187;][vc_column width=&#187;1\/6&#8243;][vc_column_text el_class=&#187;company-name&#187;]Oma Fassaad[\/vc_column_text][vc_column_text el_class=&#187;company-site&#187;]<a href=\"http:\/\/www.omafassaad.ee\">www.omafassaad.ee<\/a>[\/vc_column_text][\/vc_column][\/vc_row]\n","protected":false},"excerpt":{"rendered":"<p>[vc_row eq_height=&#187;yes&#187;][vc_column width=&#187;1\/6&#8243; css=&#187;.vc_custom_1526295099756{margin-bottom: 35px !important;}&#187;][vc_column_text el_class=&#187;company-name&#187;]Aaviku Fassaadid[\/vc_column_text][vc_column_text el_class=&#187;company-site&#187;]www.aaviku.ee[\/vc_column_text][\/vc_column][vc_column width=&#187;1\/6&#8243; css=&#187;.vc_custom_1526295104244{margin-bottom: 35px !important;}&#187;][vc_column_text el_class=&#187;company-name&#187;]Dld Partner[\/vc_column_text][\/vc_column][vc_column width=&#187;1\/6&#8243; css=&#187;.vc_custom_1526295109757{margin-bottom: 35px !important;}&#187;][vc_column_text el_class=&#187;company-name&#187;]Estfas[\/vc_column_text][\/vc_column][vc_column width=&#187;1\/6&#8243; css=&#187;.vc_custom_1526295114484{margin-bottom: 35px !important;}&#187;][vc_column_text el_class=&#187;company-name&#187;]Fastfassaad[\/vc_column_text][vc_column_text el_class=&#187;company-site&#187;]www.fastfassaad.ee[\/vc_column_text][\/vc_column][vc_column width=&#187;1\/6&#8243; css=&#187;.vc_custom_1526295118371{margin-bottom: 35px !important;}&#187;][vc_column_text el_class=&#187;company-name&#187;]Baustelle[\/vc_column_text][\/vc_column][vc_column width=&#187;1\/6&#8243; css=&#187;.vc_custom_1526295122692{margin-bottom: 35px !important;}&#187;][vc_column_text el_class=&#187;company-name&#187;]Finest Purku[\/vc_column_text][\/vc_column][\/vc_row][vc_row eq_height=&#187;yes&#187;][vc_column width=&#187;1\/6&#8243;][vc_column_text el_class=&#187;company-name&#187;]Oma Fassaad[\/vc_column_text][vc_column_text el_class=&#187;company-site&#187;]www.omafassaad.ee[\/vc_column_text][\/vc_column][\/vc_row]<\/p>\n","protected":false},"author":1,"featured_media":0,"parent":955,"menu_order":0,"comment_status":"closed","ping_status":"closed","template":"page-sub-full.php","meta":{"_acf_changed":false,"_monsterinsights_skip_tracking":false,"_monsterinsights_sitenote_active":false,"_monsterinsights_sitenote_note":"","_monsterinsights_sitenote_category":0,"footnotes":""},"class_list":["post-963","page","type-page","status-publish","hentry"],"acf":[],"yoast_head":"<!-- This site is optimized with the Yoast SEO plugin v24.3 - https:\/\/yoast.com\/wordpress\/plugins\/seo\/ -->\n<title>\u0421\u0442\u0440\u043e\u0438\u0442\u0435\u043b\u0438 | Fassaadikeskus - t\u00e4iuslikud fassaadilahendused otsast-l\u00f5puni!<\/title>\n<meta name=\"description\" content=\"Fassaadikeskus aitab teid maja v\u00f5i korteri fassaadi tegemisel! Pakume professionaalset t\u00e4isteenust otsast-l\u00f5puni! Loe lisa ning v\u00f5ta \u00fchendust meie kodulehelt vajutades siia!\" \/>\n<meta name=\"robots\" content=\"index, follow, max-snippet:-1, max-image-preview:large, max-video-preview:-1\" \/>\n<link rel=\"canonical\" href=\"https:\/\/www.fassaadikeskus.ee\/ru\/\u043f\u0430\u0440\u0442\u043d\u0451\u0440\u044b\/\u0441\u0442\u0440\u043e\u0438\u0442\u0435\u043b\u0438\/\" \/>\n<meta property=\"og:locale\" content=\"ru_RU\" \/>\n<meta property=\"og:type\" content=\"article\" \/>\n<meta property=\"og:title\" content=\"\u0421\u0442\u0440\u043e\u0438\u0442\u0435\u043b\u0438 | Fassaadikeskus - t\u00e4iuslikud fassaadilahendused otsast-l\u00f5puni!\" \/>\n<meta property=\"og:description\" content=\"Fassaadikeskus aitab teid maja v\u00f5i korteri fassaadi tegemisel! Pakume professionaalset t\u00e4isteenust otsast-l\u00f5puni! Loe lisa ning v\u00f5ta \u00fchendust meie kodulehelt vajutades siia!\" \/>\n<meta property=\"og:url\" content=\"https:\/\/www.fassaadikeskus.ee\/ru\/\u043f\u0430\u0440\u0442\u043d\u0451\u0440\u044b\/\u0441\u0442\u0440\u043e\u0438\u0442\u0435\u043b\u0438\/\" \/>\n<meta property=\"og:site_name\" content=\"Fassaadikeskus - t\u00e4iuslikud fassaadilahendused otsast-l\u00f5puni!\" \/>\n<meta name=\"twitter:card\" content=\"summary_large_image\" \/>\n<meta name=\"twitter:label1\" content=\"\u041f\u0440\u0438\u043c\u0435\u0440\u043d\u043e\u0435 \u0432\u0440\u0435\u043c\u044f \u0434\u043b\u044f \u0447\u0442\u0435\u043d\u0438\u044f\" \/>\n\t<meta name=\"twitter:data1\" content=\"1 \u043c\u0438\u043d\u0443\u0442\u0430\" \/>\n<script type=\"application\/ld+json\" class=\"yoast-schema-graph\">{\"@context\":\"https:\/\/schema.org\",\"@graph\":[{\"@type\":\"WebPage\",\"@id\":\"https:\/\/www.fassaadikeskus.ee\/ru\/%d0%bf%d0%b0%d1%80%d1%82%d0%bd%d1%91%d1%80%d1%8b\/%d1%81%d1%82%d1%80%d0%be%d0%b8%d1%82%d0%b5%d0%bb%d0%b8\/\",\"url\":\"https:\/\/www.fassaadikeskus.ee\/ru\/%d0%bf%d0%b0%d1%80%d1%82%d0%bd%d1%91%d1%80%d1%8b\/%d1%81%d1%82%d1%80%d0%be%d0%b8%d1%82%d0%b5%d0%bb%d0%b8\/\",\"name\":\"\u0421\u0442\u0440\u043e\u0438\u0442\u0435\u043b\u0438 | Fassaadikeskus - t\u00e4iuslikud fassaadilahendused otsast-l\u00f5puni!\",\"isPartOf\":{\"@id\":\"https:\/\/www.fassaadikeskus.ee\/#website\"},\"datePublished\":\"2018-10-25T19:39:12+00:00\",\"dateModified\":\"2018-10-25T19:39:12+00:00\",\"description\":\"Fassaadikeskus aitab teid maja v\u00f5i korteri fassaadi tegemisel! Pakume professionaalset t\u00e4isteenust otsast-l\u00f5puni! Loe lisa ning v\u00f5ta \u00fchendust meie kodulehelt vajutades siia!\",\"breadcrumb\":{\"@id\":\"https:\/\/www.fassaadikeskus.ee\/ru\/%d0%bf%d0%b0%d1%80%d1%82%d0%bd%d1%91%d1%80%d1%8b\/%d1%81%d1%82%d1%80%d0%be%d0%b8%d1%82%d0%b5%d0%bb%d0%b8\/#breadcrumb\"},\"inLanguage\":\"ru-RU\",\"potentialAction\":[{\"@type\":\"ReadAction\",\"target\":[\"https:\/\/www.fassaadikeskus.ee\/ru\/%d0%bf%d0%b0%d1%80%d1%82%d0%bd%d1%91%d1%80%d1%8b\/%d1%81%d1%82%d1%80%d0%be%d0%b8%d1%82%d0%b5%d0%bb%d0%b8\/\"]}]},{\"@type\":\"BreadcrumbList\",\"@id\":\"https:\/\/www.fassaadikeskus.ee\/ru\/%d0%bf%d0%b0%d1%80%d1%82%d0%bd%d1%91%d1%80%d1%8b\/%d1%81%d1%82%d1%80%d0%be%d0%b8%d1%82%d0%b5%d0%bb%d0%b8\/#breadcrumb\",\"itemListElement\":[{\"@type\":\"ListItem\",\"position\":1,\"name\":\"Home\",\"item\":\"https:\/\/www.fassaadikeskus.ee\/ru\/\"},{\"@type\":\"ListItem\",\"position\":2,\"name\":\"\u041f\u0430\u0440\u0442\u043d\u0451\u0440\u044b\",\"item\":\"https:\/\/www.fassaadikeskus.ee\/ru\/%d0%bf%d0%b0%d1%80%d1%82%d0%bd%d1%91%d1%80%d1%8b\/\"},{\"@type\":\"ListItem\",\"position\":3,\"name\":\"\u0421\u0442\u0440\u043e\u0438\u0442\u0435\u043b\u0438\"}]},{\"@type\":\"WebSite\",\"@id\":\"https:\/\/www.fassaadikeskus.ee\/#website\",\"url\":\"https:\/\/www.fassaadikeskus.ee\/\",\"name\":\"Fassaadikeskus - t\u00e4iuslikud fassaadilahendused otsast-l\u00f5puni!\",\"description\":\"Fassaadikeskus\",\"potentialAction\":[{\"@type\":\"SearchAction\",\"target\":{\"@type\":\"EntryPoint\",\"urlTemplate\":\"https:\/\/www.fassaadikeskus.ee\/?s={search_term_string}\"},\"query-input\":{\"@type\":\"PropertyValueSpecification\",\"valueRequired\":true,\"valueName\":\"search_term_string\"}}],\"inLanguage\":\"ru-RU\"}]}<\/script>\n<!-- \/ Yoast SEO plugin. -->","yoast_head_json":{"title":"\u0421\u0442\u0440\u043e\u0438\u0442\u0435\u043b\u0438 | Fassaadikeskus - t\u00e4iuslikud fassaadilahendused otsast-l\u00f5puni!","description":"Fassaadikeskus aitab teid maja v\u00f5i korteri fassaadi tegemisel! Pakume professionaalset t\u00e4isteenust otsast-l\u00f5puni! Loe lisa ning v\u00f5ta \u00fchendust meie kodulehelt vajutades siia!","robots":{"index":"index","follow":"follow","max-snippet":"max-snippet:-1","max-image-preview":"max-image-preview:large","max-video-preview":"max-video-preview:-1"},"canonical":"https:\/\/www.fassaadikeskus.ee\/ru\/\u043f\u0430\u0440\u0442\u043d\u0451\u0440\u044b\/\u0441\u0442\u0440\u043e\u0438\u0442\u0435\u043b\u0438\/","og_locale":"ru_RU","og_type":"article","og_title":"\u0421\u0442\u0440\u043e\u0438\u0442\u0435\u043b\u0438 | Fassaadikeskus - t\u00e4iuslikud fassaadilahendused otsast-l\u00f5puni!","og_description":"Fassaadikeskus aitab teid maja v\u00f5i korteri fassaadi tegemisel! Pakume professionaalset t\u00e4isteenust otsast-l\u00f5puni! Loe lisa ning v\u00f5ta \u00fchendust meie kodulehelt vajutades siia!","og_url":"https:\/\/www.fassaadikeskus.ee\/ru\/\u043f\u0430\u0440\u0442\u043d\u0451\u0440\u044b\/\u0441\u0442\u0440\u043e\u0438\u0442\u0435\u043b\u0438\/","og_site_name":"Fassaadikeskus - t\u00e4iuslikud fassaadilahendused otsast-l\u00f5puni!","twitter_card":"summary_large_image","twitter_misc":{"\u041f\u0440\u0438\u043c\u0435\u0440\u043d\u043e\u0435 \u0432\u0440\u0435\u043c\u044f \u0434\u043b\u044f \u0447\u0442\u0435\u043d\u0438\u044f":"1 \u043c\u0438\u043d\u0443\u0442\u0430"},"schema":{"@context":"https:\/\/schema.org","@graph":[{"@type":"WebPage","@id":"https:\/\/www.fassaadikeskus.ee\/ru\/%d0%bf%d0%b0%d1%80%d1%82%d0%bd%d1%91%d1%80%d1%8b\/%d1%81%d1%82%d1%80%d0%be%d0%b8%d1%82%d0%b5%d0%bb%d0%b8\/","url":"https:\/\/www.fassaadikeskus.ee\/ru\/%d0%bf%d0%b0%d1%80%d1%82%d0%bd%d1%91%d1%80%d1%8b\/%d1%81%d1%82%d1%80%d0%be%d0%b8%d1%82%d0%b5%d0%bb%d0%b8\/","name":"\u0421\u0442\u0440\u043e\u0438\u0442\u0435\u043b\u0438 | Fassaadikeskus - t\u00e4iuslikud fassaadilahendused otsast-l\u00f5puni!","isPartOf":{"@id":"https:\/\/www.fassaadikeskus.ee\/#website"},"datePublished":"2018-10-25T19:39:12+00:00","dateModified":"2018-10-25T19:39:12+00:00","description":"Fassaadikeskus aitab teid maja v\u00f5i korteri fassaadi tegemisel! Pakume professionaalset t\u00e4isteenust otsast-l\u00f5puni! Loe lisa ning v\u00f5ta \u00fchendust meie kodulehelt vajutades siia!","breadcrumb":{"@id":"https:\/\/www.fassaadikeskus.ee\/ru\/%d0%bf%d0%b0%d1%80%d1%82%d0%bd%d1%91%d1%80%d1%8b\/%d1%81%d1%82%d1%80%d0%be%d0%b8%d1%82%d0%b5%d0%bb%d0%b8\/#breadcrumb"},"inLanguage":"ru-RU","potentialAction":[{"@type":"ReadAction","target":["https:\/\/www.fassaadikeskus.ee\/ru\/%d0%bf%d0%b0%d1%80%d1%82%d0%bd%d1%91%d1%80%d1%8b\/%d1%81%d1%82%d1%80%d0%be%d0%b8%d1%82%d0%b5%d0%bb%d0%b8\/"]}]},{"@type":"BreadcrumbList","@id":"https:\/\/www.fassaadikeskus.ee\/ru\/%d0%bf%d0%b0%d1%80%d1%82%d0%bd%d1%91%d1%80%d1%8b\/%d1%81%d1%82%d1%80%d0%be%d0%b8%d1%82%d0%b5%d0%bb%d0%b8\/#breadcrumb","itemListElement":[{"@type":"ListItem","position":1,"name":"Home","item":"https:\/\/www.fassaadikeskus.ee\/ru\/"},{"@type":"ListItem","position":2,"name":"\u041f\u0430\u0440\u0442\u043d\u0451\u0440\u044b","item":"https:\/\/www.fassaadikeskus.ee\/ru\/%d0%bf%d0%b0%d1%80%d1%82%d0%bd%d1%91%d1%80%d1%8b\/"},{"@type":"ListItem","position":3,"name":"\u0421\u0442\u0440\u043e\u0438\u0442\u0435\u043b\u0438"}]},{"@type":"WebSite","@id":"https:\/\/www.fassaadikeskus.ee\/#website","url":"https:\/\/www.fassaadikeskus.ee\/","name":"Fassaadikeskus - t\u00e4iuslikud fassaadilahendused otsast-l\u00f5puni!","description":"Fassaadikeskus","potentialAction":[{"@type":"SearchAction","target":{"@type":"EntryPoint","urlTemplate":"https:\/\/www.fassaadikeskus.ee\/?s={search_term_string}"},"query-input":{"@type":"PropertyValueSpecification","valueRequired":true,"valueName":"search_term_string"}}],"inLanguage":"ru-RU"}]}},"_links":{"self":[{"href":"https:\/\/www.fassaadikeskus.ee\/ru\/wp-json\/wp\/v2\/pages\/963","targetHints":{"allow":["GET"]}}],"collection":[{"href":"https:\/\/www.fassaadikeskus.ee\/ru\/wp-json\/wp\/v2\/pages"}],"about":[{"href":"https:\/\/www.fassaadikeskus.ee\/ru\/wp-json\/wp\/v2\/types\/page"}],"author":[{"embeddable":true,"href":"https:\/\/www.fassaadikeskus.ee\/ru\/wp-json\/wp\/v2\/users\/1"}],"replies":[{"embeddable":true,"href":"https:\/\/www.fassaadikeskus.ee\/ru\/wp-json\/wp\/v2\/comments?post=963"}],"version-history":[{"count":1,"href":"https:\/\/www.fassaadikeskus.ee\/ru\/wp-json\/wp\/v2\/pages\/963\/revisions"}],"predecessor-version":[{"id":964,"href":"https:\/\/www.fassaadikeskus.ee\/ru\/wp-json\/wp\/v2\/pages\/963\/revisions\/964"}],"up":[{"embeddable":true,"href":"https:\/\/www.fassaadikeskus.ee\/ru\/wp-json\/wp\/v2\/pages\/955"}],"wp:attachment":[{"href":"https:\/\/www.fassaadikeskus.ee\/ru\/wp-json\/wp\/v2\/media?parent=963"}],"curies":[{"name":"wp","href":"https:\/\/api.w.org\/{rel}","templated":true}]}}