{"id":991,"date":"2018-10-25T22:51:21","date_gmt":"2018-10-25T19:51:21","guid":{"rendered":"https:\/\/www.fassaadikeskus.ee\/?page_id=991"},"modified":"2019-12-02T10:42:59","modified_gmt":"2019-12-02T08:42:59","slug":"%d0%ba%d0%be%d0%bd%d1%82%d0%b0%d0%ba%d1%82","status":"publish","type":"page","link":"https:\/\/www.fassaadikeskus.ee\/ru\/%d0%ba%d0%be%d0%bd%d1%82%d0%b0%d0%ba%d1%82\/","title":{"rendered":"\u041a\u043e\u043d\u0442\u0430\u043a\u0442"},"content":{"rendered":"[vc_row][vc_column width=&#187;1\/2&#8243;]<div class=\"cf_scope_1 full_width\">\n<div class=\"wpcf7 no-js\" id=\"wpcf7-f985-o1\" lang=\"et\" dir=\"ltr\" data-wpcf7-id=\"985\">\n<div class=\"screen-reader-response\"><p role=\"status\" aria-live=\"polite\" aria-atomic=\"true\"><\/p> <ul><\/ul><\/div>\n<form action=\"\/ru\/wp-json\/wp\/v2\/pages\/991#wpcf7-f985-o1\" method=\"post\" class=\"wpcf7-form init\" aria-label=\"Contact form\" novalidate=\"novalidate\" data-status=\"init\">\n<div style=\"display: none;\">\n<input type=\"hidden\" name=\"_wpcf7\" value=\"985\" \/>\n<input type=\"hidden\" name=\"_wpcf7_version\" value=\"6.0.3\" \/>\n<input type=\"hidden\" name=\"_wpcf7_locale\" value=\"et\" \/>\n<input type=\"hidden\" name=\"_wpcf7_unit_tag\" value=\"wpcf7-f985-o1\" \/>\n<input type=\"hidden\" name=\"_wpcf7_container_post\" value=\"0\" \/>\n<input type=\"hidden\" name=\"_wpcf7_posted_data_hash\" value=\"\" \/>\n<input type=\"hidden\" name=\"_wpcf7_recaptcha_response\" value=\"\" \/>\n<\/div>\n<p><span class=\"wpcf7-form-control-wrap\" data-name=\"your-name\"><input size=\"40\" maxlength=\"400\" class=\"wpcf7-form-control wpcf7-text wpcf7-validates-as-required\" aria-required=\"true\" aria-invalid=\"false\" placeholder=\"\u0418\u043c\u044f*\" value=\"\" type=\"text\" name=\"your-name\" \/><\/span>\n<\/p>\n<p><span class=\"wpcf7-form-control-wrap\" data-name=\"your-email\"><input size=\"40\" maxlength=\"400\" class=\"wpcf7-form-control wpcf7-email wpcf7-validates-as-required wpcf7-text wpcf7-validates-as-email\" aria-required=\"true\" aria-invalid=\"false\" placeholder=\"\u0410\u0434\u0440\u0435\u0441 \u044d\u043b. \u043f\u043e\u0447\u0442\u044b*\" value=\"\" type=\"email\" name=\"your-email\" \/><\/span>\n<\/p>\n<p><span class=\"wpcf7-form-control-wrap\" data-name=\"your-subject\"><input size=\"40\" maxlength=\"400\" class=\"wpcf7-form-control wpcf7-text\" aria-invalid=\"false\" placeholder=\"\u0422\u0435\u043c\u0430\" value=\"\" type=\"text\" name=\"your-subject\" \/><\/span>\n<\/p>\n<p><span class=\"wpcf7-form-control-wrap\" data-name=\"your-message\"><textarea cols=\"40\" rows=\"10\" maxlength=\"2000\" class=\"wpcf7-form-control wpcf7-textarea\" aria-invalid=\"false\" placeholder=\"\u0421\u043e\u043e\u0431\u0449\u0435\u043d\u0438\u0435\" name=\"your-message\"><\/textarea><\/span>\n<\/p>\n<p><input class=\"wpcf7-form-control wpcf7-submit has-spinner\" type=\"submit\" value=\"\u041e\u0442\u043f\u0440\u0430\u0432\u0438\u0442\u044c \u043f\u0438\u0441\u044c\u043c\u043e\" \/>\n<\/p><label class=\"apbct_special_field\" id=\"apbct_label_id78174\" for=\"apbct__email_id__wp_contact_form_7_78174\">78174<\/label><input\n            id=\"apbct__email_id__wp_contact_form_7_78174\"\n            class=\"apbct_special_field apbct__email_id__wp_contact_form_7\"\n            name=\"apbct__email_id__wp_contact_form_7_78174\"\n            type=\"text\" size=\"30\" maxlength=\"200\" autocomplete=\"off\"\n            value=\"78174\" apbct_event_id=\"78174\"\n            \/><input id=\"apbct_event_id_wp_contact_form_7_78174\"\n                class=\"apbct_special_field\" name=\"apbct_event_id\" type=\"hidden\" value=\"78174\" \/><div class=\"wpcf7-response-output\" aria-hidden=\"true\"><\/div>\n<\/form>\n<\/div>\n<\/div>[\/vc_column][vc_column width=&#187;1\/2&#8243;][vc_column_text css=&#187;.vc_custom_1575276143564{margin-bottom: 25px !important;}&#187;]<strong>FASSAADID O\u00dc<\/strong><br \/>\n<strong>\u041c\u0435\u0441\u0442\u043e \u043d\u0430\u0445\u043e\u0436\u0434\u0435\u043d\u0438\u044f:<\/strong> \u0422\u0430\u043b\u043b\u0438\u043d\u043d, \u041a\u043e\u0445\u0438\u043b\u0430 3<br \/>\n<strong>\u042d\u043b. \u043f\u043e\u0447\u0442\u0430:<\/strong> info@fassaadikeskus.ee<br \/>\n<strong>\u0421\u043a\u043b\u0430\u0434 (\u043e\u0442\u043a\u0440\u044b\u0442 8:00 \u2013 16:00):<\/strong> +372 5348 0525<br \/>\n<strong>\u041f\u0440\u043e\u0434\u0430\u0436\u0430 \u043c\u0430\u0442\u0435\u0440\u0438\u0430\u043b\u043e\u0432:<\/strong> +372 5348 0525[\/vc_column_text][vc_raw_html]JTNDaWZyYW1lJTIwc3JjJTNEJTIyaHR0cHMlM0ElMkYlMkZ3d3cuZ29vZ2xlLmNvbSUyRm1hcHMlMkZlbWJlZCUzRnBiJTNEJTIxMW0xOCUyMTFtMTIlMjExbTMlMjExZDIwMzAuNDcwNTA3MjY2Mzk2JTIxMmQyNC43MzY4OTU1MTYwMDg0MDYlMjEzZDU5LjQwODU0NjA4MTY4NjY2NiUyMTJtMyUyMTFmMCUyMTJmMCUyMTNmMCUyMTNtMiUyMTFpMTAyNCUyMTJpNzY4JTIxNGYxMy4xJTIxM20zJTIxMW0yJTIxMXMweDQ2OTI5NGMxMzA1YjdiMDklMjUzQTB4ODVlOTRmNDdjMmI4ZWVlMCUyMTJzS29oaWxhJTJCMyUyNTJDJTJCMTEzMTQlMkJUYWxsaW5uJTIxNWUwJTIxM20yJTIxMXNldCUyMTJzZWUlMjE0djE1MjYyODUwNTUyMzQlMjIlMjB3aWR0aCUzRCUyMjEwMCUyNSUyMiUyMGhlaWdodCUzRCUyMjMwMCUyMiUyMGZyYW1lYm9yZGVyJTNEJTIyMCUyMiUyMHN0eWxlJTNEJTIyYm9yZGVyJTNBMCUyMiUyMGFsbG93ZnVsbHNjcmVlbiUzRSUzQyUyRmlmcmFtZSUzRQ==[\/vc_raw_html][\/vc_column][\/vc_row]\n","protected":false},"excerpt":{"rendered":"<p>[vc_row][vc_column width=&#187;1\/2&#8243;][\/vc_column][vc_column width=&#187;1\/2&#8243;][vc_column_text css=&#187;.vc_custom_1575276143564{margin-bottom: 25px !important;}&#187;]FASSAADID O\u00dc \u041c\u0435\u0441\u0442\u043e \u043d\u0430\u0445\u043e\u0436\u0434\u0435\u043d\u0438\u044f: \u0422\u0430\u043b\u043b\u0438\u043d\u043d, \u041a\u043e\u0445\u0438\u043b\u0430 3 \u042d\u043b. \u043f\u043e\u0447\u0442\u0430: info@fassaadikeskus.ee \u0421\u043a\u043b\u0430\u0434 (\u043e\u0442\u043a\u0440\u044b\u0442 8:00 \u2013 16:00): +372 5348 0525 \u041f\u0440\u043e\u0434\u0430\u0436\u0430 \u043c\u0430\u0442\u0435\u0440\u0438\u0430\u043b\u043e\u0432: +372 5348 0525[\/vc_column_text][vc_raw_html]JTNDaWZyYW1lJTIwc3JjJTNEJTIyaHR0cHMlM0ElMkYlMkZ3d3cuZ29vZ2xlLmNvbSUyRm1hcHMlMkZlbWJlZCUzRnBiJTNEJTIxMW0xOCUyMTFtMTIlMjExbTMlMjExZDIwMzAuNDcwNTA3MjY2Mzk2JTIxMmQyNC43MzY4OTU1MTYwMDg0MDYlMjEzZDU5LjQwODU0NjA4MTY4NjY2NiUyMTJtMyUyMTFmMCUyMTJmMCUyMTNmMCUyMTNtMiUyMTFpMTAyNCUyMTJpNzY4JTIxNGYxMy4xJTIxM20zJTIxMW0yJTIxMXMweDQ2OTI5NGMxMzA1YjdiMDklMjUzQTB4ODVlOTRmNDdjMmI4ZWVlMCUyMTJzS29oaWxhJTJCMyUyNTJDJTJCMTEzMTQlMkJUYWxsaW5uJTIxNWUwJTIxM20yJTIxMXNldCUyMTJzZWUlMjE0djE1MjYyODUwNTUyMzQlMjIlMjB3aWR0aCUzRCUyMjEwMCUyNSUyMiUyMGhlaWdodCUzRCUyMjMwMCUyMiUyMGZyYW1lYm9yZGVyJTNEJTIyMCUyMiUyMHN0eWxlJTNEJTIyYm9yZGVyJTNBMCUyMiUyMGFsbG93ZnVsbHNjcmVlbiUzRSUzQyUyRmlmcmFtZSUzRQ==[\/vc_raw_html][\/vc_column][\/vc_row]<\/p>\n","protected":false},"author":1,"featured_media":0,"parent":0,"menu_order":0,"comment_status":"closed","ping_status":"closed","template":"page-sub-full.php","meta":{"_acf_changed":false,"_monsterinsights_skip_tracking":false,"_monsterinsights_sitenote_active":false,"_monsterinsights_sitenote_note":"","_monsterinsights_sitenote_category":0,"footnotes":""},"class_list":["post-991","page","type-page","status-publish","hentry"],"acf":[],"yoast_head":"<!-- This site is optimized with the Yoast SEO plugin v24.3 - https:\/\/yoast.com\/wordpress\/plugins\/seo\/ -->\n<title>\u041a\u043e\u043d\u0442\u0430\u043a\u0442 | Fassaadikeskus - t\u00e4iuslikud fassaadilahendused otsast-l\u00f5puni!<\/title>\n<meta name=\"description\" content=\"Fassaadikeskus aitab teid maja v\u00f5i korteri fassaadi tegemisel! Pakume professionaalset t\u00e4isteenust otsast-l\u00f5puni! Loe lisa ning v\u00f5ta \u00fchendust meie kodulehelt vajutades siia!\" \/>\n<meta name=\"robots\" content=\"index, follow, max-snippet:-1, max-image-preview:large, max-video-preview:-1\" \/>\n<link rel=\"canonical\" href=\"https:\/\/www.fassaadikeskus.ee\/ru\/\u043a\u043e\u043d\u0442\u0430\u043a\u0442\/\" \/>\n<meta property=\"og:locale\" content=\"ru_RU\" \/>\n<meta property=\"og:type\" content=\"article\" \/>\n<meta property=\"og:title\" content=\"\u041a\u043e\u043d\u0442\u0430\u043a\u0442 | Fassaadikeskus - t\u00e4iuslikud fassaadilahendused otsast-l\u00f5puni!\" \/>\n<meta property=\"og:description\" content=\"Fassaadikeskus aitab teid maja v\u00f5i korteri fassaadi tegemisel! Pakume professionaalset t\u00e4isteenust otsast-l\u00f5puni! Loe lisa ning v\u00f5ta \u00fchendust meie kodulehelt vajutades siia!\" \/>\n<meta property=\"og:url\" content=\"https:\/\/www.fassaadikeskus.ee\/ru\/\u043a\u043e\u043d\u0442\u0430\u043a\u0442\/\" \/>\n<meta property=\"og:site_name\" content=\"Fassaadikeskus - t\u00e4iuslikud fassaadilahendused otsast-l\u00f5puni!\" \/>\n<meta property=\"article:modified_time\" content=\"2019-12-02T08:42:59+00:00\" \/>\n<meta name=\"twitter:card\" content=\"summary_large_image\" \/>\n<script type=\"application\/ld+json\" class=\"yoast-schema-graph\">{\"@context\":\"https:\/\/schema.org\",\"@graph\":[{\"@type\":\"WebPage\",\"@id\":\"https:\/\/www.fassaadikeskus.ee\/ru\/%d0%ba%d0%be%d0%bd%d1%82%d0%b0%d0%ba%d1%82\/\",\"url\":\"https:\/\/www.fassaadikeskus.ee\/ru\/%d0%ba%d0%be%d0%bd%d1%82%d0%b0%d0%ba%d1%82\/\",\"name\":\"\u041a\u043e\u043d\u0442\u0430\u043a\u0442 | Fassaadikeskus - t\u00e4iuslikud fassaadilahendused otsast-l\u00f5puni!\",\"isPartOf\":{\"@id\":\"https:\/\/www.fassaadikeskus.ee\/#website\"},\"datePublished\":\"2018-10-25T19:51:21+00:00\",\"dateModified\":\"2019-12-02T08:42:59+00:00\",\"description\":\"Fassaadikeskus aitab teid maja v\u00f5i korteri fassaadi tegemisel! Pakume professionaalset t\u00e4isteenust otsast-l\u00f5puni! Loe lisa ning v\u00f5ta \u00fchendust meie kodulehelt vajutades siia!\",\"breadcrumb\":{\"@id\":\"https:\/\/www.fassaadikeskus.ee\/ru\/%d0%ba%d0%be%d0%bd%d1%82%d0%b0%d0%ba%d1%82\/#breadcrumb\"},\"inLanguage\":\"ru-RU\",\"potentialAction\":[{\"@type\":\"ReadAction\",\"target\":[\"https:\/\/www.fassaadikeskus.ee\/ru\/%d0%ba%d0%be%d0%bd%d1%82%d0%b0%d0%ba%d1%82\/\"]}]},{\"@type\":\"BreadcrumbList\",\"@id\":\"https:\/\/www.fassaadikeskus.ee\/ru\/%d0%ba%d0%be%d0%bd%d1%82%d0%b0%d0%ba%d1%82\/#breadcrumb\",\"itemListElement\":[{\"@type\":\"ListItem\",\"position\":1,\"name\":\"Home\",\"item\":\"https:\/\/www.fassaadikeskus.ee\/ru\/\"},{\"@type\":\"ListItem\",\"position\":2,\"name\":\"\u041a\u043e\u043d\u0442\u0430\u043a\u0442\"}]},{\"@type\":\"WebSite\",\"@id\":\"https:\/\/www.fassaadikeskus.ee\/#website\",\"url\":\"https:\/\/www.fassaadikeskus.ee\/\",\"name\":\"Fassaadikeskus - t\u00e4iuslikud fassaadilahendused otsast-l\u00f5puni!\",\"description\":\"Fassaadikeskus\",\"potentialAction\":[{\"@type\":\"SearchAction\",\"target\":{\"@type\":\"EntryPoint\",\"urlTemplate\":\"https:\/\/www.fassaadikeskus.ee\/?s={search_term_string}\"},\"query-input\":{\"@type\":\"PropertyValueSpecification\",\"valueRequired\":true,\"valueName\":\"search_term_string\"}}],\"inLanguage\":\"ru-RU\"}]}<\/script>\n<!-- \/ Yoast SEO plugin. -->","yoast_head_json":{"title":"\u041a\u043e\u043d\u0442\u0430\u043a\u0442 | Fassaadikeskus - t\u00e4iuslikud fassaadilahendused otsast-l\u00f5puni!","description":"Fassaadikeskus aitab teid maja v\u00f5i korteri fassaadi tegemisel! Pakume professionaalset t\u00e4isteenust otsast-l\u00f5puni! Loe lisa ning v\u00f5ta \u00fchendust meie kodulehelt vajutades siia!","robots":{"index":"index","follow":"follow","max-snippet":"max-snippet:-1","max-image-preview":"max-image-preview:large","max-video-preview":"max-video-preview:-1"},"canonical":"https:\/\/www.fassaadikeskus.ee\/ru\/\u043a\u043e\u043d\u0442\u0430\u043a\u0442\/","og_locale":"ru_RU","og_type":"article","og_title":"\u041a\u043e\u043d\u0442\u0430\u043a\u0442 | Fassaadikeskus - t\u00e4iuslikud fassaadilahendused otsast-l\u00f5puni!","og_description":"Fassaadikeskus aitab teid maja v\u00f5i korteri fassaadi tegemisel! Pakume professionaalset t\u00e4isteenust otsast-l\u00f5puni! Loe lisa ning v\u00f5ta \u00fchendust meie kodulehelt vajutades siia!","og_url":"https:\/\/www.fassaadikeskus.ee\/ru\/\u043a\u043e\u043d\u0442\u0430\u043a\u0442\/","og_site_name":"Fassaadikeskus - t\u00e4iuslikud fassaadilahendused otsast-l\u00f5puni!","article_modified_time":"2019-12-02T08:42:59+00:00","twitter_card":"summary_large_image","schema":{"@context":"https:\/\/schema.org","@graph":[{"@type":"WebPage","@id":"https:\/\/www.fassaadikeskus.ee\/ru\/%d0%ba%d0%be%d0%bd%d1%82%d0%b0%d0%ba%d1%82\/","url":"https:\/\/www.fassaadikeskus.ee\/ru\/%d0%ba%d0%be%d0%bd%d1%82%d0%b0%d0%ba%d1%82\/","name":"\u041a\u043e\u043d\u0442\u0430\u043a\u0442 | Fassaadikeskus - t\u00e4iuslikud fassaadilahendused otsast-l\u00f5puni!","isPartOf":{"@id":"https:\/\/www.fassaadikeskus.ee\/#website"},"datePublished":"2018-10-25T19:51:21+00:00","dateModified":"2019-12-02T08:42:59+00:00","description":"Fassaadikeskus aitab teid maja v\u00f5i korteri fassaadi tegemisel! Pakume professionaalset t\u00e4isteenust otsast-l\u00f5puni! Loe lisa ning v\u00f5ta \u00fchendust meie kodulehelt vajutades siia!","breadcrumb":{"@id":"https:\/\/www.fassaadikeskus.ee\/ru\/%d0%ba%d0%be%d0%bd%d1%82%d0%b0%d0%ba%d1%82\/#breadcrumb"},"inLanguage":"ru-RU","potentialAction":[{"@type":"ReadAction","target":["https:\/\/www.fassaadikeskus.ee\/ru\/%d0%ba%d0%be%d0%bd%d1%82%d0%b0%d0%ba%d1%82\/"]}]},{"@type":"BreadcrumbList","@id":"https:\/\/www.fassaadikeskus.ee\/ru\/%d0%ba%d0%be%d0%bd%d1%82%d0%b0%d0%ba%d1%82\/#breadcrumb","itemListElement":[{"@type":"ListItem","position":1,"name":"Home","item":"https:\/\/www.fassaadikeskus.ee\/ru\/"},{"@type":"ListItem","position":2,"name":"\u041a\u043e\u043d\u0442\u0430\u043a\u0442"}]},{"@type":"WebSite","@id":"https:\/\/www.fassaadikeskus.ee\/#website","url":"https:\/\/www.fassaadikeskus.ee\/","name":"Fassaadikeskus - t\u00e4iuslikud fassaadilahendused otsast-l\u00f5puni!","description":"Fassaadikeskus","potentialAction":[{"@type":"SearchAction","target":{"@type":"EntryPoint","urlTemplate":"https:\/\/www.fassaadikeskus.ee\/?s={search_term_string}"},"query-input":{"@type":"PropertyValueSpecification","valueRequired":true,"valueName":"search_term_string"}}],"inLanguage":"ru-RU"}]}},"_links":{"self":[{"href":"https:\/\/www.fassaadikeskus.ee\/ru\/wp-json\/wp\/v2\/pages\/991","targetHints":{"allow":["GET"]}}],"collection":[{"href":"https:\/\/www.fassaadikeskus.ee\/ru\/wp-json\/wp\/v2\/pages"}],"about":[{"href":"https:\/\/www.fassaadikeskus.ee\/ru\/wp-json\/wp\/v2\/types\/page"}],"author":[{"embeddable":true,"href":"https:\/\/www.fassaadikeskus.ee\/ru\/wp-json\/wp\/v2\/users\/1"}],"replies":[{"embeddable":true,"href":"https:\/\/www.fassaadikeskus.ee\/ru\/wp-json\/wp\/v2\/comments?post=991"}],"version-history":[{"count":3,"href":"https:\/\/www.fassaadikeskus.ee\/ru\/wp-json\/wp\/v2\/pages\/991\/revisions"}],"predecessor-version":[{"id":2240,"href":"https:\/\/www.fassaadikeskus.ee\/ru\/wp-json\/wp\/v2\/pages\/991\/revisions\/2240"}],"wp:attachment":[{"href":"https:\/\/www.fassaadikeskus.ee\/ru\/wp-json\/wp\/v2\/media?parent=991"}],"curies":[{"name":"wp","href":"https:\/\/api.w.org\/{rel}","templated":true}]}}